{"id":5718,"date":"2023-06-30T12:31:18","date_gmt":"2023-06-30T10:31:18","guid":{"rendered":"https:\/\/iedaproject.eu\/handbook\/"},"modified":"2023-08-29T16:35:09","modified_gmt":"2023-08-29T14:35:09","slug":"handbook","status":"publish","type":"page","link":"https:\/\/iedaproject.eu\/sl\/handbook\/","title":{"rendered":"Priro\u010dnik"},"content":{"rendered":"\n<p>Priro\u010dnik je celovit prikaz vseh pomembnih znanj, ki bi lahko olaj\u0161ala vklju\u010devanje oseb z oviranostmi v neformalne izobra\u017eevale te\u010daje in usposabljanja. Temelji na strokovnem znanju treh klju\u010dnih skupin za vklju\u010devanje OZO v neformalno izobra\u017eevanje odraslih, in sicer: strokovnjakov s podro\u010dja podporne tehnologije, strokovnjakov za vklju\u010devanje in izvajalcev neformalnega izobra\u017eevanja odraslih. Poleg tega priro\u010dnik temelji na dejanskih potrebah izvajalcev izobra\u017eevanja odraslih. Priro\u010dnik je lahko koristen pripomo\u010dek za vsakogar, ki \u017eeli pou\u010devati ali delati z osebami z oviranostmi.<\/p>\n\n\n\n<p><a href=\"https:\/\/iedaproject.eu\/wp-content\/uploads\/2023\/08\/URIHO-Handbook-SLO-024.pdf\" data-type=\"URL\" data-id=\"https:\/\/iedaproject.eu\/wp-content\/uploads\/2023\/08\/URIHO-Handbook-SLO-024.pdf\"><strong>Prirocnik<\/strong><\/a><\/p>\n","protected":false},"excerpt":{"rendered":"<p>Priro\u010dnik je celovit prikaz vseh pomembnih znanj, ki bi lahko olaj\u0161ala vklju\u010devanje oseb z oviranostmi v neformalne izobra\u017eevale te\u010daje in usposabljanja. Temelji na strokovnem &#8230;<\/p>\n","protected":false},"author":2,"featured_media":0,"parent":0,"menu_order":0,"comment_status":"closed","ping_status":"closed","template":"","meta":[],"_links":{"self":[{"href":"https:\/\/iedaproject.eu\/sl\/wp-json\/wp\/v2\/pages\/5718"}],"collection":[{"href":"https:\/\/iedaproject.eu\/sl\/wp-json\/wp\/v2\/pages"}],"about":[{"href":"https:\/\/iedaproject.eu\/sl\/wp-json\/wp\/v2\/types\/page"}],"author":[{"embeddable":true,"href":"https:\/\/iedaproject.eu\/sl\/wp-json\/wp\/v2\/users\/2"}],"replies":[{"embeddable":true,"href":"https:\/\/iedaproject.eu\/sl\/wp-json\/wp\/v2\/comments?post=5718"}],"version-history":[{"count":5,"href":"https:\/\/iedaproject.eu\/sl\/wp-json\/wp\/v2\/pages\/5718\/revisions"}],"predecessor-version":[{"id":7729,"href":"https:\/\/iedaproject.eu\/sl\/wp-json\/wp\/v2\/pages\/5718\/revisions\/7729"}],"wp:attachment":[{"href":"https:\/\/iedaproject.eu\/sl\/wp-json\/wp\/v2\/media?parent=5718"}],"curies":[{"name":"wp","href":"https:\/\/api.w.org\/{rel}","templated":true}]}}