{"id":5708,"date":"2023-06-30T12:30:59","date_gmt":"2023-06-30T10:30:59","guid":{"rendered":"https:\/\/iedaproject.eu\/curriculum-application-of-assistive-technologies-in-non-formal-adult-education\/"},"modified":"2023-09-01T14:19:23","modified_gmt":"2023-09-01T12:19:23","slug":"curriculum-application-of-assistive-technologies-in-non-formal-adult-education","status":"publish","type":"page","link":"https:\/\/iedaproject.eu\/sl\/curriculum-application-of-assistive-technologies-in-non-formal-adult-education\/","title":{"rendered":"U\u010dni na\u010drt: Uporaba podpornih tehnologij v neformalnem izobra\u017eevanju odraslih"},"content":{"rendered":"\n<p>Za polno in enakopravno vklju\u010denost v izobra\u017eevalni proces potrebujejo osebe z oviranostmi razli\u010dne oblike prilagajanja. Ena od teh oblik je podporna tehnologija (PT), ki vklju\u010duje vse tehnolo\u0161ke re\u0161itve, ki so namenjene, da osebo z oviranostjo podprejo in ji omogo\u010dijo la\u017eje vklju\u010devanje v izobra\u017eevanje in sicer\u0161nje \u017eivljenje. V formalnem izobra\u017eevanju se PT vpeljuje preko formalnih mehanizmov znotraj izobra\u017eevalnega sistema, medtem ko na podro\u010dju neformalnega izobra\u017eevanja ni sistemske podpore izvajanju tovrstne podporne tehnologije. Za ustrezno vklju\u010ditev oseb z oviranostmi v neformalne izobra\u017eevalne programe potrebujejo izvajalci tovrstnega izobra\u017eevanja imeti osnovno znanje o PT. Ta u\u010dni na\u010drt zagotavlja sistemati\u010den pregled podpornih tehnologij glede na vrsto oviranosti. Zagotavlja tudi vpogled v prilo\u017enosti za nabavo in usposabljanje za PT. Sestavni del u\u010dnega na\u010drta je univerzalno oblikovanje, ideja, ki spodbuja ustvarjanje vsem dostopne tehnologije ne glede na (ne)obstoj oviranosti. U\u010dni na\u010drt je namenjen predvsem delujo\u010dim na podro\u010dju neformalnega izobra\u017eevanja odraslih, ki \u017eelijo pou\u010devati osebe z oviranosti, in organizacijam, ki izvajajo neformalno izobra\u017eevanje odraslih in \u017eelijo oblikovati ter izvajati vklju\u010dujo\u010de izobra\u017eevalne programe. U\u010dni na\u010drt krepi kompetence strokovnjakov za razumevanje, ocenjevanje in implementacijo podpornih tehnologij, posredno pa krepi tudi zmogljivost organizacij s prenosom znanja o aktiviranju lastnih in pridobivanju zunanjih virov za varovanje in implementacijo PT.<\/p>\n\n\n\n<p>Prenesite gradivo za u\u010dni na\u010drt:<br><br>0. <a href=\"https:\/\/iedaproject.eu\/wp-content\/uploads\/2023\/09\/ieda-io2-curriculum-SL-final.pdf\" data-type=\"URL\" data-id=\"https:\/\/iedaproject.eu\/wp-content\/uploads\/2023\/09\/ieda-io2-curriculum-SL-final.pdf\">Curriculum<\/a><br>&#8211; <strong>Modul 1<\/strong>: <a href=\"https:\/\/iedaproject.eu\/wp-content\/uploads\/2023\/09\/M1_SL.zip\" data-type=\"URL\" data-id=\"https:\/\/iedaproject.eu\/wp-content\/uploads\/2023\/09\/M1_SL.zip\">Uvod v podporno tehnologijo<\/a><br>&#8211; <strong>Modul 2<\/strong>: <a href=\"https:\/\/iedaproject.eu\/wp-content\/uploads\/2023\/09\/M2_SL.zip\" data-type=\"URL\" data-id=\"https:\/\/iedaproject.eu\/wp-content\/uploads\/2023\/09\/M2_SL.zip\">Podporna tehnologija v izobra\u017eevalnem kontekstu<\/a><br>&#8211; <strong>Modul 3<\/strong>: <a href=\"https:\/\/iedaproject.eu\/wp-content\/uploads\/2023\/09\/M3_SL.zip\" data-type=\"URL\" data-id=\"https:\/\/iedaproject.eu\/wp-content\/uploads\/2023\/09\/M3_SL.zip\">Izbira ustreznega orodja<\/a><br>&#8211; <strong>Modul 4<\/strong>: <a href=\"https:\/\/iedaproject.eu\/wp-content\/uploads\/2023\/09\/M4_SL.zip\" data-type=\"URL\" data-id=\"https:\/\/iedaproject.eu\/wp-content\/uploads\/2023\/09\/M4_SL.zip\">Iskanje in mobilizacija virov<\/a><br>&#8211;<strong> Modul 5<\/strong>: <a href=\"https:\/\/iedaproject.eu\/wp-content\/uploads\/2023\/09\/M5_SL.zip\" data-type=\"URL\" data-id=\"https:\/\/iedaproject.eu\/wp-content\/uploads\/2023\/09\/M5_SL.zip\">Univerzalno oblikovanje &#8211; na\u010dela in izvajanje <\/a><br>&#8211; <strong>Modul 6<\/strong>: <a href=\"https:\/\/iedaproject.eu\/wp-content\/uploads\/2023\/09\/M6_SL.zip\" data-type=\"URL\" data-id=\"https:\/\/iedaproject.eu\/wp-content\/uploads\/2023\/09\/M6_SL.zip\">Uporaba novih tehnologij za podporo potrebam oseb z oviranostjo<\/a><\/p>\n","protected":false},"excerpt":{"rendered":"<p>Za polno in enakopravno vklju\u010denost v izobra\u017eevalni proces potrebujejo osebe z oviranostmi razli\u010dne oblike prilagajanja. Ena od teh oblik je podporna tehnologija (PT), ki &#8230;<\/p>\n","protected":false},"author":2,"featured_media":0,"parent":0,"menu_order":0,"comment_status":"closed","ping_status":"closed","template":"","meta":[],"_links":{"self":[{"href":"https:\/\/iedaproject.eu\/sl\/wp-json\/wp\/v2\/pages\/5708"}],"collection":[{"href":"https:\/\/iedaproject.eu\/sl\/wp-json\/wp\/v2\/pages"}],"about":[{"href":"https:\/\/iedaproject.eu\/sl\/wp-json\/wp\/v2\/types\/page"}],"author":[{"embeddable":true,"href":"https:\/\/iedaproject.eu\/sl\/wp-json\/wp\/v2\/users\/2"}],"replies":[{"embeddable":true,"href":"https:\/\/iedaproject.eu\/sl\/wp-json\/wp\/v2\/comments?post=5708"}],"version-history":[{"count":13,"href":"https:\/\/iedaproject.eu\/sl\/wp-json\/wp\/v2\/pages\/5708\/revisions"}],"predecessor-version":[{"id":8289,"href":"https:\/\/iedaproject.eu\/sl\/wp-json\/wp\/v2\/pages\/5708\/revisions\/8289"}],"wp:attachment":[{"href":"https:\/\/iedaproject.eu\/sl\/wp-json\/wp\/v2\/media?parent=5708"}],"curies":[{"name":"wp","href":"https:\/\/api.w.org\/{rel}","templated":true}]}}