{"id":5717,"date":"2023-06-30T12:31:18","date_gmt":"2023-06-30T10:31:18","guid":{"rendered":"https:\/\/iedaproject.eu\/handbook\/"},"modified":"2023-08-29T16:34:06","modified_gmt":"2023-08-29T14:34:06","slug":"handbook","status":"publish","type":"page","link":"https:\/\/iedaproject.eu\/sk\/handbook\/","title":{"rendered":"Pr\u00edru\u010dka"},"content":{"rendered":"\n<p>Pr\u00edru\u010dka pon\u00faka komplexn\u00fd s\u00fahrn v\u0161etk\u00fdch relevantn\u00fdch poznatkov, ktor\u00e9 m\u00f4\u017eu u\u013eah\u010di\u0165 za\u010dlenenie os\u00f4b so zdravotn\u00fdm postihnut\u00edm do va\u0161ich semin\u00e1rov, kurzov a \u0161kolen\u00ed. Pr\u00edru\u010dka \u010derp\u00e1 z odborn\u00fdch znalost\u00ed troch k\u013e\u00fa\u010dov\u00fdch skup\u00edn pre za\u010dlenenie \u013eud\u00ed so zdravotn\u00fdm postihnut\u00edm do neform\u00e1lneho vzdel\u00e1vania dospel\u00fdch, a to: odborn\u00edkov na asisten\u010dn\u00e9 technol\u00f3gie, odborn\u00edkov na inkl\u00faziu a poskytovate\u013eov neform\u00e1lneho vzdel\u00e1vania dospel\u00fdch. Okrem toho pr\u00edru\u010dka vych\u00e1dza z aktu\u00e1lnych potrieb poskytovate\u013eov vzdel\u00e1vania dospel\u00fdch. Sme si ist\u00ed, \u017ee pr\u00edru\u010dka bude u\u017eito\u010dn\u00fdm n\u00e1strojom pre ka\u017ed\u00e9ho, kto chce u\u010di\u0165 alebo pracova\u0165 s \u013eu\u010fmi so zdravotn\u00fdm postihnut\u00edm.<\/p>\n\n\n\n<p><a href=\"https:\/\/iedaproject.eu\/wp-content\/uploads\/2023\/08\/URIHO-Handbook-SK-028.pdfhttps:\/\/iedaproject.eu\/wp-content\/uploads\/2023\/08\/URIHO-Handbook-SK-028-1.pdf\" data-type=\"URL\" data-id=\"https:\/\/iedaproject.eu\/wp-content\/uploads\/2023\/08\/URIHO-Handbook-SK-028.pdfhttps:\/\/iedaproject.eu\/wp-content\/uploads\/2023\/08\/URIHO-Handbook-SK-028-1.pdf\"><strong>Pr\u00edru\u010dka<\/strong><\/a><\/p>\n","protected":false},"excerpt":{"rendered":"<p>Pr\u00edru\u010dka pon\u00faka komplexn\u00fd s\u00fahrn v\u0161etk\u00fdch relevantn\u00fdch poznatkov, ktor\u00e9 m\u00f4\u017eu u\u013eah\u010di\u0165 za\u010dlenenie os\u00f4b so zdravotn\u00fdm postihnut\u00edm do va\u0161ich semin\u00e1rov, kurzov a \u0161kolen\u00ed. Pr\u00edru\u010dka \u010derp\u00e1 z &#8230;<\/p>\n","protected":false},"author":2,"featured_media":0,"parent":0,"menu_order":0,"comment_status":"closed","ping_status":"closed","template":"","meta":[],"_links":{"self":[{"href":"https:\/\/iedaproject.eu\/sk\/wp-json\/wp\/v2\/pages\/5717"}],"collection":[{"href":"https:\/\/iedaproject.eu\/sk\/wp-json\/wp\/v2\/pages"}],"about":[{"href":"https:\/\/iedaproject.eu\/sk\/wp-json\/wp\/v2\/types\/page"}],"author":[{"embeddable":true,"href":"https:\/\/iedaproject.eu\/sk\/wp-json\/wp\/v2\/users\/2"}],"replies":[{"embeddable":true,"href":"https:\/\/iedaproject.eu\/sk\/wp-json\/wp\/v2\/comments?post=5717"}],"version-history":[{"count":5,"href":"https:\/\/iedaproject.eu\/sk\/wp-json\/wp\/v2\/pages\/5717\/revisions"}],"predecessor-version":[{"id":7728,"href":"https:\/\/iedaproject.eu\/sk\/wp-json\/wp\/v2\/pages\/5717\/revisions\/7728"}],"wp:attachment":[{"href":"https:\/\/iedaproject.eu\/sk\/wp-json\/wp\/v2\/media?parent=5717"}],"curies":[{"name":"wp","href":"https:\/\/api.w.org\/{rel}","templated":true}]}}