{"id":5712,"date":"2023-06-30T12:26:00","date_gmt":"2023-06-30T10:26:00","guid":{"rendered":"https:\/\/iedaproject.eu\/curriculum-teaching-methods-and-techniques-for-persons\/"},"modified":"2023-08-29T12:22:13","modified_gmt":"2023-08-29T10:22:13","slug":"curriculum-teaching-methods-and-techniques-for-persons","status":"publish","type":"page","link":"https:\/\/iedaproject.eu\/sk\/curriculum-teaching-methods-and-techniques-for-persons\/","title":{"rendered":"U\u010debn\u00e9 osnovy: Vyu\u010dovacie met\u00f3dy a techniky pre osoby so zdravotn\u00fdm postihnut\u00edm v neform\u00e1lnom vzdel\u00e1van\u00ed dospel\u00fdch"},"content":{"rendered":"\n<p>Osoby so zdravotn\u00fdm postihnut\u00edm (OZP) si vzh\u013eadom na charakter svojho postihnutia vy\u017eaduj\u00fa osobitn\u00e9 \u00fapravy na organiza\u010dnej, person\u00e1lnej a technicko-technologickej \u00farovni vzdel\u00e1vacieho procesu. Tento v\u00fdstup Kurikulum pon\u00faka poznatky a inform\u00e1cie relevantn\u00e9 pre v\u0161etky tri uveden\u00e9 \u00farovne v systematickej podobe. U\u010debn\u00e9 osnovy vypracovali odborn\u00edci na inkl\u00faziu OZP z URIHO na z\u00e1klade sk\u00fasenost\u00ed s tvorbou a realiz\u00e1ciou neform\u00e1lneho vzdel\u00e1vania a na z\u00e1klade neust\u00e1lej sp\u00e4tnej v\u00e4zby a spolupr\u00e1ce v\u0161etk\u00fdch partnerov. U\u010debn\u00e9 osnovy s\u00fa ur\u010den\u00e9 predov\u0161etk\u00fdm odborn\u00edkom v oblasti neform\u00e1lneho vzdel\u00e1vania, ktor\u00ed chc\u00fa u\u010di\u0165 OZP, a organiz\u00e1ci\u00e1m neform\u00e1lneho vzdel\u00e1vania dospel\u00fdch, ktor\u00fdch cie\u013eom je vytv\u00e1ra\u0165 a realizova\u0165 inkluz\u00edvne vzdel\u00e1vacie programy. Obsah u\u010debn\u00fdch osnov v\u0161ak mo\u017eno aplikova\u0165 na v\u0161etk\u00fdch odborn\u00edkov, ktor\u00ed sa vo svojej profesion\u00e1lnej pr\u00e1ci stret\u00e1vaj\u00fa s OZP (odborn\u00edci na inkl\u00faziu, odborn\u00edci na \u013eudsk\u00e9 zdroje, dobrovo\u013en\u00edci, zdravotn\u00edcky person\u00e1l, odborn\u00edci na soci\u00e1lnu starostlivos\u0165, \u0161kolitelia, administrat\u00edvni pracovn\u00edci at\u010f.) Obsah u\u010debn\u00fdch osnov sa zameriava na praktick\u00e9 sp\u00f4soby, ktor\u00fdmi m\u00f4\u017eu poskytovatelia neform\u00e1lneho vzdel\u00e1vania dospel\u00fdch zv\u00fd\u0161i\u0165 pr\u00edstupnos\u0165 svojich vzdel\u00e1vac\u00edch programov, ale m\u00e1 aj d\u00f4le\u017eit\u00fa senzibiliza\u010dn\u00fa \u00falohu ako systematizovan\u00fd preh\u013ead typov zdravotn\u00e9ho postihnutia a \u0165a\u017ekost\u00ed, ktor\u00e9 z nich vypl\u00fdvaj\u00fa v kontexte vzdel\u00e1vania.<\/p>\n\n\n\n<p>Stiahnite si u\u010debn\u00fd materi\u00e1l:<\/p>\n\n\n\n<p>0.\u00a0<a href=\"https:\/\/iedaproject.eu\/wp-content\/uploads\/2023\/08\/uriho.curicullum.SK_.pdf\" data-type=\"URL\" data-id=\"https:\/\/iedaproject.eu\/wp-content\/uploads\/2023\/08\/uriho.curicullum.SK_.pdf\">U\u010debn\u00e9 osnovy<\/a><br>1.\u00a0<a href=\"https:\/\/iedaproject.eu\/wp-content\/uploads\/2023\/08\/Ethical-approach_SK.zip\" data-type=\"URL\" data-id=\"https:\/\/iedaproject.eu\/wp-content\/uploads\/2023\/08\/Ethical-approach_SK.zip\">Etick\u00fd pr\u00edstup, stereotypy, predsudky<\/a><br>2.\u00a0<a href=\"https:\/\/iedaproject.eu\/wp-content\/uploads\/2023\/08\/Inclusion_SK.zip\" data-type=\"URL\" data-id=\"https:\/\/iedaproject.eu\/wp-content\/uploads\/2023\/08\/Inclusion_SK.zip\">Inkl\u00fazia<\/a><br>3.\u00a0<a href=\"https:\/\/iedaproject.eu\/wp-content\/uploads\/2023\/08\/Visual-impairments_SK.zip\" data-type=\"URL\" data-id=\"https:\/\/iedaproject.eu\/wp-content\/uploads\/2023\/08\/Visual-impairments_SK.zip\">Zrakov\u00e9 postihnutie<\/a><br>4.\u00a0<a href=\"https:\/\/iedaproject.eu\/wp-content\/uploads\/2023\/08\/Hearing-impairments_SK.zip\" data-type=\"URL\" data-id=\"https:\/\/iedaproject.eu\/wp-content\/uploads\/2023\/08\/Hearing-impairments_SK.zip\">Poruchy sluchu<\/a><br>5.\u00a0<a href=\"https:\/\/iedaproject.eu\/wp-content\/uploads\/2023\/08\/Movement-disorders_SK.zip\" data-type=\"URL\" data-id=\"https:\/\/iedaproject.eu\/wp-content\/uploads\/2023\/08\/Movement-disorders_SK.zip\">Poruchy pohybu<\/a><br>6.\u00a0<a href=\"https:\/\/iedaproject.eu\/wp-content\/uploads\/2023\/08\/Intellectual-disabilties_SK.zip\" data-type=\"URL\" data-id=\"https:\/\/iedaproject.eu\/wp-content\/uploads\/2023\/08\/Intellectual-disabilties_SK.zip\">Intelektu\u00e1lne postihnutia<\/a><br>7.\u00a0<a href=\"https:\/\/iedaproject.eu\/wp-content\/uploads\/2023\/08\/Mental-and-Behavioral-disorders_SK.zip\" data-type=\"URL\" data-id=\"https:\/\/iedaproject.eu\/wp-content\/uploads\/2023\/08\/Mental-and-Behavioral-disorders_SK.zip\">Du\u0161evn\u00e9 poruchy a poruchy spr\u00e1vania<\/a><\/p>\n","protected":false},"excerpt":{"rendered":"<p>Osoby so zdravotn\u00fdm postihnut\u00edm (OZP) si vzh\u013eadom na charakter svojho postihnutia vy\u017eaduj\u00fa osobitn\u00e9 \u00fapravy na organiza\u010dnej, person\u00e1lnej a technicko-technologickej \u00farovni vzdel\u00e1vacieho procesu. Tento v\u00fdstup &#8230;<\/p>\n","protected":false},"author":2,"featured_media":0,"parent":0,"menu_order":0,"comment_status":"closed","ping_status":"closed","template":"","meta":[],"_links":{"self":[{"href":"https:\/\/iedaproject.eu\/sk\/wp-json\/wp\/v2\/pages\/5712"}],"collection":[{"href":"https:\/\/iedaproject.eu\/sk\/wp-json\/wp\/v2\/pages"}],"about":[{"href":"https:\/\/iedaproject.eu\/sk\/wp-json\/wp\/v2\/types\/page"}],"author":[{"embeddable":true,"href":"https:\/\/iedaproject.eu\/sk\/wp-json\/wp\/v2\/users\/2"}],"replies":[{"embeddable":true,"href":"https:\/\/iedaproject.eu\/sk\/wp-json\/wp\/v2\/comments?post=5712"}],"version-history":[{"count":9,"href":"https:\/\/iedaproject.eu\/sk\/wp-json\/wp\/v2\/pages\/5712\/revisions"}],"predecessor-version":[{"id":7653,"href":"https:\/\/iedaproject.eu\/sk\/wp-json\/wp\/v2\/pages\/5712\/revisions\/7653"}],"wp:attachment":[{"href":"https:\/\/iedaproject.eu\/sk\/wp-json\/wp\/v2\/media?parent=5712"}],"curies":[{"name":"wp","href":"https:\/\/api.w.org\/{rel}","templated":true}]}}