{"id":5707,"date":"2023-06-30T12:30:59","date_gmt":"2023-06-30T10:30:59","guid":{"rendered":"https:\/\/iedaproject.eu\/curriculum-application-of-assistive-technologies-in-non-formal-adult-education\/"},"modified":"2023-09-01T12:13:37","modified_gmt":"2023-09-01T10:13:37","slug":"curriculum-application-of-assistive-technologies-in-non-formal-adult-education","status":"publish","type":"page","link":"https:\/\/iedaproject.eu\/sk\/curriculum-application-of-assistive-technologies-in-non-formal-adult-education\/","title":{"rendered":"U\u010debn\u00e9 osnovy: Aplik\u00e1cia asisten\u010dn\u00fdch technol\u00f3gi\u00ed v neform\u00e1lnom vzdel\u00e1van\u00ed dospel\u00fdch"},"content":{"rendered":"\n<p>Aby sa \u013eudia so zdravotn\u00fdm postihnut\u00edm mohli plne a rovnocenne z\u00fa\u010dast\u0148ova\u0165 na vzdel\u00e1vacom procese, potrebuj\u00fa r\u00f4zne formy adapt\u00e1cie. Jednou z t\u00fdchto foriem je asisten\u010dn\u00e1 technol\u00f3gia, ktor\u00e1 zah\u0155\u0148a v\u0161etky technologick\u00e9 rie\u0161enia, ktor\u00e9 pom\u00e1haj\u00fa za\u010dle\u0148ova\u0165 osoby so zdravotn\u00fdm postihnut\u00edm. Vo form\u00e1lnom vzdel\u00e1van\u00ed sa asisten\u010dn\u00e9 technol\u00f3gie zav\u00e1dzaj\u00fa prostredn\u00edctvom definovan\u00fdch postupov v r\u00e1mci vzdel\u00e1vacieho syst\u00e9mu, ale v neform\u00e1lnom vzdel\u00e1van\u00ed neexistuje systematick\u00e1 podpora ich zav\u00e1dzania. Aby poskytovatelia tohto typu vzdel\u00e1vania mohli primerane za\u010dleni\u0165 osoby so zdravotn\u00fdm postihnut\u00edm do svojich neform\u00e1lnych programov, musia ma\u0165 z\u00e1kladn\u00e9 znalosti o asisten\u010dn\u00fdch technol\u00f3gi\u00e1ch. Tento u\u010debn\u00fd program poskytuje systematick\u00fd preh\u013ead asisten\u010dn\u00fdch technol\u00f3gi\u00ed s oh\u013eadom na typ postihnutia. Poskytuje tie\u017e preh\u013ead o mo\u017enostiach z\u00edskavania asisten\u010dn\u00fdch technol\u00f3gi\u00ed a odbornej pr\u00edpravy. Neoddelite\u013enou s\u00fa\u010das\u0165ou u\u010debn\u00fdch osnov tohto \u0161tudijn\u00e9ho programu je univerz\u00e1lny dizajn &#8211; my\u0161lienka, ktor\u00e1 podporuje vytv\u00e1ranie technol\u00f3gi\u00ed pr\u00edstupn\u00fdch pre v\u0161etk\u00fdch bez oh\u013eadu na (ne)existenciu zdravotn\u00e9ho postihnutia. Tento \u0161tudijn\u00fd program je ur\u010den\u00fd predov\u0161etk\u00fdm odborn\u00edkom v oblasti neform\u00e1lneho vzdel\u00e1vania dospel\u00fdch, ktor\u00ed chc\u00fa u\u010di\u0165 \u013eud\u00ed so zdravotn\u00fdm postihnut\u00edm, a organiz\u00e1ci\u00e1m neform\u00e1lneho vzdel\u00e1vania dospel\u00fdch, ktor\u00e9 chc\u00fa navrhova\u0165 a realizova\u0165 inkluz\u00edvne vzdel\u00e1vacie programy. Program nielen\u017ee zvy\u0161uje kompetencie odborn\u00edkov, ktor\u00ed sa chc\u00fa dozvedie\u0165 o asisten\u010dn\u00fdch technol\u00f3gi\u00e1ch a o tom, ako ich implementova\u0165, ale nepriamo posil\u0148uje aj kapacity organiz\u00e1ci\u00ed prenosom poznatkov o tom, ako vyu\u017e\u00edva\u0165 vlastn\u00e9 a z\u00edskava\u0165 extern\u00e9 zdroje na poskytovanie a implement\u00e1ciu asisten\u010dn\u00fdch technol\u00f3gi\u00ed.<\/p>\n\n\n\n<p>Stiahnite si u\u010debn\u00fd materi\u00e1l:<br><br>0. <a href=\"https:\/\/iedaproject.eu\/wp-content\/uploads\/2023\/09\/ieda-io2-curriculum-SK-final.pdf\" data-type=\"URL\" data-id=\"https:\/\/iedaproject.eu\/wp-content\/uploads\/2023\/09\/ieda-io2-curriculum-SK-final.pdf\">Curriculum<\/a><br>&#8211; <strong>Modul 1<\/strong>: <a href=\"https:\/\/iedaproject.eu\/wp-content\/uploads\/2023\/09\/M1_SK.zip\" data-type=\"URL\" data-id=\"https:\/\/iedaproject.eu\/wp-content\/uploads\/2023\/09\/M1_SK.zip\">\u00davod do asisten\u010dn\u00fdch technol\u00f3gi\u00ed<\/a><br>&#8211; <strong>Modul 2<\/strong>: <a href=\"https:\/\/iedaproject.eu\/wp-content\/uploads\/2023\/09\/M2_SK.zip\" data-type=\"URL\" data-id=\"https:\/\/iedaproject.eu\/wp-content\/uploads\/2023\/09\/M2_SK.zip\">Asisten\u010dn\u00e9 technol\u00f3gie v kontexte vzdel\u00e1vania<\/a><br>&#8211; <strong>Modul 3<\/strong>: <a href=\"https:\/\/iedaproject.eu\/wp-content\/uploads\/2023\/09\/M3_SK.zip\" data-type=\"URL\" data-id=\"https:\/\/iedaproject.eu\/wp-content\/uploads\/2023\/09\/M3_SK.zip\">\u00fdber spr\u00e1vneho n\u00e1stroja<\/a><br>&#8211; <strong>Modul 4<\/strong>: <a href=\"https:\/\/iedaproject.eu\/wp-content\/uploads\/2023\/09\/M4_SK.zip\" data-type=\"URL\" data-id=\"https:\/\/iedaproject.eu\/wp-content\/uploads\/2023\/09\/M4_SK.zip\">Vyh\u013ead\u00e1vanie a mobiliz\u00e1cia zdrojov<\/a><br>&#8211; <strong>Modul 5<\/strong>: <a href=\"https:\/\/iedaproject.eu\/wp-content\/uploads\/2023\/09\/M5_SK.zip\" data-type=\"URL\" data-id=\"https:\/\/iedaproject.eu\/wp-content\/uploads\/2023\/09\/M5_SK.zip\">Univerz\u00e1lny dizajn &#8211; z\u00e1sady a implement\u00e1cia<\/a><br>&#8211; <strong>Modul 6<\/strong>: <a href=\"https:\/\/iedaproject.eu\/wp-content\/uploads\/2023\/09\/M6_SK.zip\" data-type=\"URL\" data-id=\"https:\/\/iedaproject.eu\/wp-content\/uploads\/2023\/09\/M6_SK.zip\">Vyu\u017e\u00edvanie nov\u00fdch technol\u00f3gi\u00ed na podporu potrieb os\u00f4b so zdravotn\u00fdm postihnut\u00edm<\/a><\/p>\n","protected":false},"excerpt":{"rendered":"<p>Aby sa \u013eudia so zdravotn\u00fdm postihnut\u00edm mohli plne a rovnocenne z\u00fa\u010dast\u0148ova\u0165 na vzdel\u00e1vacom procese, potrebuj\u00fa r\u00f4zne formy adapt\u00e1cie. Jednou z t\u00fdchto foriem je asisten\u010dn\u00e1 &#8230;<\/p>\n","protected":false},"author":2,"featured_media":0,"parent":0,"menu_order":0,"comment_status":"closed","ping_status":"closed","template":"","meta":[],"_links":{"self":[{"href":"https:\/\/iedaproject.eu\/sk\/wp-json\/wp\/v2\/pages\/5707"}],"collection":[{"href":"https:\/\/iedaproject.eu\/sk\/wp-json\/wp\/v2\/pages"}],"about":[{"href":"https:\/\/iedaproject.eu\/sk\/wp-json\/wp\/v2\/types\/page"}],"author":[{"embeddable":true,"href":"https:\/\/iedaproject.eu\/sk\/wp-json\/wp\/v2\/users\/2"}],"replies":[{"embeddable":true,"href":"https:\/\/iedaproject.eu\/sk\/wp-json\/wp\/v2\/comments?post=5707"}],"version-history":[{"count":13,"href":"https:\/\/iedaproject.eu\/sk\/wp-json\/wp\/v2\/pages\/5707\/revisions"}],"predecessor-version":[{"id":8057,"href":"https:\/\/iedaproject.eu\/sk\/wp-json\/wp\/v2\/pages\/5707\/revisions\/8057"}],"wp:attachment":[{"href":"https:\/\/iedaproject.eu\/sk\/wp-json\/wp\/v2\/media?parent=5707"}],"curies":[{"name":"wp","href":"https:\/\/api.w.org\/{rel}","templated":true}]}}