{"id":5207,"date":"2022-01-12T12:38:22","date_gmt":"2022-01-12T10:38:22","guid":{"rendered":"https:\/\/iedaproject.eu\/project-results\/"},"modified":"2022-02-08T12:25:05","modified_gmt":"2022-02-08T10:25:05","slug":"project-results","status":"publish","type":"page","link":"https:\/\/iedaproject.eu\/sk\/project-results\/","title":{"rendered":"V\u00fdsledky projektu"},"content":{"rendered":"\t\t<div data-elementor-type=\"wp-page\" data-elementor-id=\"5207\" class=\"elementor elementor-5207 elementor-2926\">\n\t\t\t\t\t\t\t\t\t<section class=\"elementor-section elementor-top-section elementor-element elementor-element-bf5c238 elementor-section-boxed elementor-section-height-default elementor-section-height-default\" data-id=\"bf5c238\" data-element_type=\"section\">\n\t\t\t\t\t\t<div class=\"elementor-container elementor-column-gap-default\">\n\t\t\t\t\t<div class=\"elementor-column elementor-col-100 elementor-top-column elementor-element elementor-element-df0addb\" data-id=\"df0addb\" data-element_type=\"column\">\n\t\t\t<div class=\"elementor-widget-wrap elementor-element-populated\">\n\t\t\t\t\t\t\t\t<section class=\"elementor-section elementor-inner-section elementor-element elementor-element-f6be294 elementor-section-boxed elementor-section-height-default elementor-section-height-default\" data-id=\"f6be294\" data-element_type=\"section\">\n\t\t\t\t\t\t<div class=\"elementor-container elementor-column-gap-default\">\n\t\t\t\t\t<div class=\"elementor-column elementor-col-50 elementor-inner-column elementor-element elementor-element-2d0ecbc\" data-id=\"2d0ecbc\" data-element_type=\"column\">\n\t\t\t<div class=\"elementor-widget-wrap elementor-element-populated\">\n\t\t\t\t\t\t\t\t<div class=\"elementor-element elementor-element-ca7d7c2 elementor-widget elementor-widget-text-editor\" data-id=\"ca7d7c2\" data-element_type=\"widget\" data-widget_type=\"text-editor.default\">\n\t\t\t\t<div class=\"elementor-widget-container\">\n\t\t\t<style>\/*! elementor - v3.14.0 - 26-06-2023 *\/\n.elementor-widget-text-editor.elementor-drop-cap-view-stacked .elementor-drop-cap{background-color:#69727d;color:#fff}.elementor-widget-text-editor.elementor-drop-cap-view-framed .elementor-drop-cap{color:#69727d;border:3px solid;background-color:transparent}.elementor-widget-text-editor:not(.elementor-drop-cap-view-default) .elementor-drop-cap{margin-top:8px}.elementor-widget-text-editor:not(.elementor-drop-cap-view-default) .elementor-drop-cap-letter{width:1em;height:1em}.elementor-widget-text-editor .elementor-drop-cap{float:left;text-align:center;line-height:1;font-size:50px}.elementor-widget-text-editor .elementor-drop-cap-letter{display:inline-block}<\/style>\t\t\t\t<p>\u0160trukt\u00farovan\u00fd model integr\u00e1cie sa sklad\u00e1 z troch zdrojov, ktor\u00e9 predstavuj\u00fa v\u00fdsledky projektu:<\/p>\t\t\t\t\t\t<\/div>\n\t\t\t\t<\/div>\n\t\t\t\t<div class=\"elementor-element elementor-element-a143add elementor-widget elementor-widget-text-editor\" data-id=\"a143add\" data-element_type=\"widget\" data-widget_type=\"text-editor.default\">\n\t\t\t\t<div class=\"elementor-widget-container\">\n\t\t\t\t\t\t\t<ol><li>U\u010debn\u00fd pl\u00e1n pre \u0161kolenia o met\u00f3dach a pr\u00edstupoch k v\u00fdu\u010dbe os\u00f4b so zdravotn\u00fdm postihnut\u00edm v neform\u00e1lnom vzdel\u00e1van\u00ed dospel\u00fdch.<\/li><li>U\u010debn\u00fd pl\u00e1n pre \u0161kolenie o pou\u017e\u00edvan\u00ed asist\u00edvnych technol\u00f3gi\u00ed v neform\u00e1lnom vzdel\u00e1van\u00ed dospel\u00fdch.<\/li><li>Komplexn\u00e1 pr\u00edru\u010dka o integr\u00e1cii os\u00f4b so zdravotn\u00fdm postihnut\u00edm v neform\u00e1lnom vzdel\u00e1van\u00ed dospel\u00fdch.<\/li><\/ol>\t\t\t\t\t\t<\/div>\n\t\t\t\t<\/div>\n\t\t\t\t\t<\/div>\n\t\t<\/div>\n\t\t\t\t<div class=\"elementor-column elementor-col-50 elementor-inner-column elementor-element elementor-element-ed6a946\" data-id=\"ed6a946\" data-element_type=\"column\">\n\t\t\t<div class=\"elementor-widget-wrap elementor-element-populated\">\n\t\t\t\t\t\t\t\t<div class=\"elementor-element elementor-element-66e2093 elementor-widget elementor-widget-image\" data-id=\"66e2093\" data-element_type=\"widget\" data-widget_type=\"image.default\">\n\t\t\t\t<div class=\"elementor-widget-container\">\n\t\t\t<style>\/*! elementor - v3.14.0 - 26-06-2023 *\/\n.elementor-widget-image{text-align:center}.elementor-widget-image a{display:inline-block}.elementor-widget-image a img[src$=\".svg\"]{width:48px}.elementor-widget-image img{vertical-align:middle;display:inline-block}<\/style>\t\t\t\t\t\t\t\t\t\t\t\t<img width=\"1024\" height=\"683\" src=\"data:image\/svg+xml,%3Csvg%20width%3D%221024%22%20height%3D%22683%22%20xmlns%3D%22http:\/\/www.w3.org\/2000\/svg%22%20viewBox%3D%220%200%201024%20683%22%3E%3C\/svg%3E\" class=\"fy-content__image fy-lazy js-lazy 1\" alt=\"Woman&#039;s hands holding and showing three square wooden blocks\" loading=\"lazy\" data-src=\"\/\/www.w3.org\/2000\/svg%22%20viewBox%3D%220%200%20800%20800%22%3E%3C\/svg%3E\" data-srcset=\"https:\/\/iedaproject.eu\/wp-content\/uploads\/2022\/01\/woman-s-hands-holding-and-showing-three-square-woo-2021-10-21-03-32-00-utc-1-1024x683.jpg 1024w, https:\/\/iedaproject.eu\/wp-content\/uploads\/2022\/01\/woman-s-hands-holding-and-showing-three-square-woo-2021-10-21-03-32-00-utc-1-300x200.jpg 300w, https:\/\/iedaproject.eu\/wp-content\/uploads\/2022\/01\/woman-s-hands-holding-and-showing-three-square-woo-2021-10-21-03-32-00-utc-1-768x512.jpg 768w, https:\/\/iedaproject.eu\/wp-content\/uploads\/2022\/01\/woman-s-hands-holding-and-showing-three-square-woo-2021-10-21-03-32-00-utc-1-800x533.jpg 800w, https:\/\/iedaproject.eu\/wp-content\/uploads\/2022\/01\/woman-s-hands-holding-and-showing-three-square-woo-2021-10-21-03-32-00-utc-1.jpg 1500w\" data-sizes=\"(max-width: 1024px) 100vw, 1024px\"><div class=\"fy-image-loading fy-image-loading--spinner\" aria-hidden=\"true\"><\/div>\t\t\t\t\t\t\t\t\t\t\t\t\t\t\t<\/div>\n\t\t\t\t<\/div>\n\t\t\t\t\t<\/div>\n\t\t<\/div>\n\t\t\t\t\t\t\t<\/div>\n\t\t<\/section>\n\t\t\t\t\t<\/div>\n\t\t<\/div>\n\t\t\t\t\t\t\t<\/div>\n\t\t<\/section>\n\t\t\t\t\t\t\t<\/div>\n\t\t","protected":false},"excerpt":{"rendered":"<p>\u0160trukt\u00farovan\u00fd model integr\u00e1cie sa sklad\u00e1 z troch zdrojov, ktor\u00e9 predstavuj\u00fa v\u00fdsledky projektu: U\u010debn\u00fd pl\u00e1n pre \u0161kolenia o met\u00f3dach a pr\u00edstupoch k v\u00fdu\u010dbe os\u00f4b so &#8230;<\/p>\n","protected":false},"author":2,"featured_media":0,"parent":0,"menu_order":0,"comment_status":"closed","ping_status":"closed","template":"","meta":[],"_links":{"self":[{"href":"https:\/\/iedaproject.eu\/sk\/wp-json\/wp\/v2\/pages\/5207"}],"collection":[{"href":"https:\/\/iedaproject.eu\/sk\/wp-json\/wp\/v2\/pages"}],"about":[{"href":"https:\/\/iedaproject.eu\/sk\/wp-json\/wp\/v2\/types\/page"}],"author":[{"embeddable":true,"href":"https:\/\/iedaproject.eu\/sk\/wp-json\/wp\/v2\/users\/2"}],"replies":[{"embeddable":true,"href":"https:\/\/iedaproject.eu\/sk\/wp-json\/wp\/v2\/comments?post=5207"}],"version-history":[{"count":7,"href":"https:\/\/iedaproject.eu\/sk\/wp-json\/wp\/v2\/pages\/5207\/revisions"}],"predecessor-version":[{"id":5247,"href":"https:\/\/iedaproject.eu\/sk\/wp-json\/wp\/v2\/pages\/5207\/revisions\/5247"}],"wp:attachment":[{"href":"https:\/\/iedaproject.eu\/sk\/wp-json\/wp\/v2\/media?parent=5207"}],"curies":[{"name":"wp","href":"https:\/\/api.w.org\/{rel}","templated":true}]}}