{"id":5013,"date":"2022-01-12T13:07:41","date_gmt":"2022-01-12T11:07:41","guid":{"rendered":"https:\/\/iedaproject.eu\/project\/"},"modified":"2022-02-08T10:03:11","modified_gmt":"2022-02-08T08:03:11","slug":"project","status":"publish","type":"page","link":"https:\/\/iedaproject.eu\/sk\/project\/","title":{"rendered":"Projekt"},"content":{"rendered":"\t\t<div data-elementor-type=\"wp-page\" data-elementor-id=\"5013\" class=\"elementor elementor-5013 elementor-2960\">\n\t\t\t\t\t\t\t\t\t<section class=\"elementor-section elementor-top-section elementor-element elementor-element-49552af elementor-section-boxed elementor-section-height-default elementor-section-height-default\" data-id=\"49552af\" data-element_type=\"section\">\n\t\t\t\t\t\t<div class=\"elementor-container elementor-column-gap-default\">\n\t\t\t\t\t<div class=\"elementor-column elementor-col-100 elementor-top-column elementor-element elementor-element-9bdfba3\" data-id=\"9bdfba3\" data-element_type=\"column\">\n\t\t\t<div class=\"elementor-widget-wrap elementor-element-populated\">\n\t\t\t\t\t\t\t\t<section class=\"elementor-section elementor-inner-section elementor-element elementor-element-f1eb63a elementor-section-boxed elementor-section-height-default elementor-section-height-default\" data-id=\"f1eb63a\" data-element_type=\"section\">\n\t\t\t\t\t\t<div class=\"elementor-container elementor-column-gap-default\">\n\t\t\t\t\t<div class=\"elementor-column elementor-col-50 elementor-inner-column elementor-element elementor-element-3fc25d2\" data-id=\"3fc25d2\" data-element_type=\"column\">\n\t\t\t<div class=\"elementor-widget-wrap elementor-element-populated\">\n\t\t\t\t\t\t\t\t<div class=\"elementor-element elementor-element-f32a195 elementor-view-default elementor-widget elementor-widget-icon\" data-id=\"f32a195\" data-element_type=\"widget\" data-widget_type=\"icon.default\">\n\t\t\t\t<div class=\"elementor-widget-container\">\n\t\t\t\t\t<div class=\"elementor-icon-wrapper\">\n\t\t\t<div class=\"elementor-icon\">\n\t\t\t<i aria-hidden=\"true\" class=\"fas fa-marker\"><\/i>\t\t\t<\/div>\n\t\t<\/div>\n\t\t\t\t<\/div>\n\t\t\t\t<\/div>\n\t\t\t\t\t<\/div>\n\t\t<\/div>\n\t\t\t\t<div class=\"elementor-column elementor-col-50 elementor-inner-column elementor-element elementor-element-a8730cc\" data-id=\"a8730cc\" data-element_type=\"column\">\n\t\t\t<div class=\"elementor-widget-wrap elementor-element-populated\">\n\t\t\t\t\t\t\t\t<div class=\"elementor-element elementor-element-47745e5 elementor-widget elementor-widget-heading\" data-id=\"47745e5\" data-element_type=\"widget\" data-widget_type=\"heading.default\">\n\t\t\t\t<div class=\"elementor-widget-container\">\n\t\t\t<style>\/*! elementor - v3.14.0 - 26-06-2023 *\/\n.elementor-heading-title{padding:0;margin:0;line-height:1}.elementor-widget-heading .elementor-heading-title[class*=elementor-size-]>a{color:inherit;font-size:inherit;line-height:inherit}.elementor-widget-heading .elementor-heading-title.elementor-size-small{font-size:15px}.elementor-widget-heading .elementor-heading-title.elementor-size-medium{font-size:19px}.elementor-widget-heading .elementor-heading-title.elementor-size-large{font-size:29px}.elementor-widget-heading .elementor-heading-title.elementor-size-xl{font-size:39px}.elementor-widget-heading .elementor-heading-title.elementor-size-xxl{font-size:59px}<\/style><h2 class=\"elementor-heading-title elementor-size-default\">O projekte IEDA<\/h2>\t\t<\/div>\n\t\t\t\t<\/div>\n\t\t\t\t\t<\/div>\n\t\t<\/div>\n\t\t\t\t\t\t\t<\/div>\n\t\t<\/section>\n\t\t\t\t<div class=\"elementor-element elementor-element-5e658cc elementor-widget elementor-widget-text-editor\" data-id=\"5e658cc\" data-element_type=\"widget\" data-widget_type=\"text-editor.default\">\n\t\t\t\t<div class=\"elementor-widget-container\">\n\t\t\t<style>\/*! elementor - v3.14.0 - 26-06-2023 *\/\n.elementor-widget-text-editor.elementor-drop-cap-view-stacked .elementor-drop-cap{background-color:#69727d;color:#fff}.elementor-widget-text-editor.elementor-drop-cap-view-framed .elementor-drop-cap{color:#69727d;border:3px solid;background-color:transparent}.elementor-widget-text-editor:not(.elementor-drop-cap-view-default) .elementor-drop-cap{margin-top:8px}.elementor-widget-text-editor:not(.elementor-drop-cap-view-default) .elementor-drop-cap-letter{width:1em;height:1em}.elementor-widget-text-editor .elementor-drop-cap{float:left;text-align:center;line-height:1;font-size:50px}.elementor-widget-text-editor .elementor-drop-cap-letter{display:inline-block}<\/style>\t\t\t\t<p>Osoby so zdravotn\u00fdm postihnut\u00edm bohu\u017eia\u013e nemaj\u00fa rovnak\u00fa \u00farove\u0148 slobody vzdel\u00e1vania ako ostatn\u00ed. \u010casto nemaj\u00fa rovnak\u00e9 \u0161ance a pr\u00edle\u017eitosti kvalitn\u00e9ho vzdel\u00e1vania, preto\u017ee met\u00f3dy z\u00edskavania znalolost\u00ed, nie s\u00fa prisp\u00f4soben\u00e9 ich potreb\u00e1m.<\/p><p>N\u00e1\u0161 projekt Erasmus+ &#8220; Inkluz\u00edvne vzdel\u00e1vanie: zaistenie os\u00f4b so zdravotn\u00fdm postihnut\u00edm v neform\u00e1lnom vzdel\u00e1van\u00ed dospel\u00fdch (IEDA)&#8220;je zameran\u00fd na vytvorenie \u0161trukturovan\u00e9ho modelu pre \u00fapravu alebo zv\u00fd\u0161enie flexibility st\u00e1vaj\u00edch programov vzdel\u00e1vania dospel\u00fdch tak, aby boli vhodn\u00e9 a pr\u00edstupn\u00e9 pre osoby s r\u00f4znymi zdravotn\u00fdmi postihnutiami, vr\u00e1tane vyu\u017eitia digit\u00e1lnych technol\u00f3gi\u00ed k prekonaniu bar\u00edri vo vzdel\u00e1vacom prostred\u00ed.<\/p><p>Na\u0161\u00edm dlhodob\u00fdm cie\u013eom je, aby tento model sl\u00fa\u017eil ako z\u00e1klad pre bud\u00face inkluz\u00edvne postupy v neform\u00e1lnom vzdel\u00e1van\u00ed dospel\u00fdch a aby poskytovate\u013eov vzdel\u00e1vania v tomto sektore vybavil pre rie\u0161enie v\u00fdziev t\u00fdkaj\u00facich sa rozmanitosti a inkl\u00fazie.<br \/>N\u00e1\u0161 \u0161trukt\u00farovan\u00fd model sa sklad\u00e1 z troch v\u00fdsledkov projektu:<\/p>\t\t\t\t\t\t<\/div>\n\t\t\t\t<\/div>\n\t\t\t\t<div class=\"elementor-element elementor-element-57f3eb5 elementor-widget elementor-widget-text-editor\" data-id=\"57f3eb5\" data-element_type=\"widget\" data-widget_type=\"text-editor.default\">\n\t\t\t\t<div class=\"elementor-widget-container\">\n\t\t\t\t\t\t\t\t\t\t\t\t\t<\/div>\n\t\t\t\t<\/div>\n\t\t\t\t<div class=\"elementor-element elementor-element-cb3798c elementor-widget elementor-widget-text-editor\" data-id=\"cb3798c\" data-element_type=\"widget\" data-widget_type=\"text-editor.default\">\n\t\t\t\t<div class=\"elementor-widget-container\">\n\t\t\t\t\t\t\t<ol><li>U\u010debn\u00fd pl\u00e1n pre \u0161kolenia o met\u00f3dach a pr\u00edstupoch k v\u00fdu\u010dbe os\u00f4b so zdravotn\u00fdm postihnut\u00edm v neform\u00e1lnom vzdel\u00e1van\u00ed dospel\u00fdch.<\/li><li>U\u010debn\u00fd pl\u00e1n pre \u0161kolenie o pou\u017e\u00edvan\u00ed asist\u00edvnych technol\u00f3gi\u00ed v neform\u00e1lnom vzdel\u00e1van\u00ed dospel\u00fdch.<\/li><li>Komplexn\u00e1 pr\u00edru\u010dka o integr\u00e1cii os\u00f4b so zdravotn\u00fdm postihnut\u00edm v neform\u00e1lnom vzdel\u00e1van\u00ed dospel\u00fdch.<\/li><\/ol>\t\t\t\t\t\t<\/div>\n\t\t\t\t<\/div>\n\t\t\t\t<div class=\"elementor-element elementor-element-cfac1e8 elementor-widget elementor-widget-text-editor\" data-id=\"cfac1e8\" data-element_type=\"widget\" data-widget_type=\"text-editor.default\">\n\t\t\t\t<div class=\"elementor-widget-container\">\n\t\t\t\t\t\t\t\t\t\t\t\t\t<\/div>\n\t\t\t\t<\/div>\n\t\t\t\t\t<\/div>\n\t\t<\/div>\n\t\t\t\t\t\t\t<\/div>\n\t\t<\/section>\n\t\t\t\t<section class=\"elementor-section elementor-top-section elementor-element elementor-element-6d6d74f elementor-section-boxed elementor-section-height-default elementor-section-height-default\" data-id=\"6d6d74f\" data-element_type=\"section\">\n\t\t\t\t\t\t<div class=\"elementor-container elementor-column-gap-default\">\n\t\t\t\t\t<div class=\"elementor-column elementor-col-50 elementor-top-column elementor-element elementor-element-e8d9792\" data-id=\"e8d9792\" data-element_type=\"column\">\n\t\t\t<div class=\"elementor-widget-wrap elementor-element-populated\">\n\t\t\t\t\t\t\t\t<section class=\"elementor-section elementor-inner-section elementor-element elementor-element-0dcca22 elementor-section-boxed elementor-section-height-default elementor-section-height-default\" data-id=\"0dcca22\" data-element_type=\"section\">\n\t\t\t\t\t\t<div class=\"elementor-container elementor-column-gap-default\">\n\t\t\t\t\t<div class=\"elementor-column elementor-col-50 elementor-inner-column elementor-element elementor-element-260cfd8\" data-id=\"260cfd8\" data-element_type=\"column\">\n\t\t\t<div class=\"elementor-widget-wrap elementor-element-populated\">\n\t\t\t\t\t\t\t\t<div class=\"elementor-element elementor-element-b6b9d73 elementor-view-default elementor-widget elementor-widget-icon\" data-id=\"b6b9d73\" data-element_type=\"widget\" data-widget_type=\"icon.default\">\n\t\t\t\t<div class=\"elementor-widget-container\">\n\t\t\t\t\t<div class=\"elementor-icon-wrapper\">\n\t\t\t<div class=\"elementor-icon\">\n\t\t\t<i aria-hidden=\"true\" class=\"fas fa-users\"><\/i>\t\t\t<\/div>\n\t\t<\/div>\n\t\t\t\t<\/div>\n\t\t\t\t<\/div>\n\t\t\t\t\t<\/div>\n\t\t<\/div>\n\t\t\t\t<div class=\"elementor-column elementor-col-50 elementor-inner-column elementor-element elementor-element-43d123a\" data-id=\"43d123a\" data-element_type=\"column\">\n\t\t\t<div class=\"elementor-widget-wrap elementor-element-populated\">\n\t\t\t\t\t\t\t\t<div class=\"elementor-element elementor-element-cd24b87 elementor-widget elementor-widget-heading\" data-id=\"cd24b87\" data-element_type=\"widget\" data-widget_type=\"heading.default\">\n\t\t\t\t<div class=\"elementor-widget-container\">\n\t\t\t<h2 class=\"elementor-heading-title elementor-size-default\">Cie\u013eov\u00e9 skupiny<\/h2>\t\t<\/div>\n\t\t\t\t<\/div>\n\t\t\t\t\t<\/div>\n\t\t<\/div>\n\t\t\t\t\t\t\t<\/div>\n\t\t<\/section>\n\t\t\t\t<div class=\"elementor-element elementor-element-2a751b4 elementor-widget elementor-widget-text-editor\" data-id=\"2a751b4\" data-element_type=\"widget\" data-widget_type=\"text-editor.default\">\n\t\t\t\t<div class=\"elementor-widget-container\">\n\t\t\t\t\t\t\t<ul><li><span style=\"color: var(--fy--content-color); font-family: var(--fy--font-secondary); font-size: var(--fy--font-size-base); font-weight: var(--fy--font-weight); letter-spacing: var(--fy--letter-spacing); text-transform: var(--fy--text-transform);\">Profesion\u00e1li a odborn\u00edci z praxe v oblasti neform\u00e1lneho vzdel\u00e1vania a pr\u00edbuzn\u00fdch odborov. <\/span><\/li><li><span style=\"color: var(--fy--content-color); font-family: var(--fy--font-secondary); font-size: var(--fy--font-size-base); font-weight: var(--fy--font-weight); letter-spacing: var(--fy--letter-spacing); text-transform: var(--fy--text-transform);\">Osoby so zdravotn\u00fdm postihnut\u00edm.\u200b<\/span><\/li><\/ul>\t\t\t\t\t\t<\/div>\n\t\t\t\t<\/div>\n\t\t\t\t\t<\/div>\n\t\t<\/div>\n\t\t\t\t<div class=\"elementor-column elementor-col-50 elementor-top-column elementor-element elementor-element-689ca2e\" data-id=\"689ca2e\" data-element_type=\"column\">\n\t\t\t<div class=\"elementor-widget-wrap elementor-element-populated\">\n\t\t\t\t\t\t\t\t<div class=\"elementor-element elementor-element-31dd7ea elementor-widget elementor-widget-image\" data-id=\"31dd7ea\" data-element_type=\"widget\" data-widget_type=\"image.default\">\n\t\t\t\t<div class=\"elementor-widget-container\">\n\t\t\t<style>\/*! elementor - v3.14.0 - 26-06-2023 *\/\n.elementor-widget-image{text-align:center}.elementor-widget-image a{display:inline-block}.elementor-widget-image a img[src$=\".svg\"]{width:48px}.elementor-widget-image img{vertical-align:middle;display:inline-block}<\/style>\t\t\t\t\t\t\t\t\t\t\t\t<img width=\"1024\" height=\"682\" src=\"data:image\/svg+xml,%3Csvg%20width%3D%221024%22%20height%3D%22682%22%20xmlns%3D%22http:\/\/www.w3.org\/2000\/svg%22%20viewBox%3D%220%200%201024%20682%22%3E%3C\/svg%3E\" class=\"fy-content__image fy-lazy js-lazy 1\" alt=\"People and woman sitting in wheelchair having conversation at a meeting. Multi ethnic patients attending conversation with psychiatrist at support group therapy during covid 19 pandemic.\" loading=\"lazy\" data-src=\"\/\/www.w3.org\/2000\/svg%22%20viewBox%3D%220%200%20800%20800%22%3E%3C\/svg%3E\" data-srcset=\"https:\/\/iedaproject.eu\/wp-content\/uploads\/2022\/01\/people-and-woman-with-disability-having-conversati-2021-12-09-07-21-22-utc-1-1024x682.jpg 1024w, https:\/\/iedaproject.eu\/wp-content\/uploads\/2022\/01\/people-and-woman-with-disability-having-conversati-2021-12-09-07-21-22-utc-1-300x200.jpg 300w, https:\/\/iedaproject.eu\/wp-content\/uploads\/2022\/01\/people-and-woman-with-disability-having-conversati-2021-12-09-07-21-22-utc-1-768x512.jpg 768w, https:\/\/iedaproject.eu\/wp-content\/uploads\/2022\/01\/people-and-woman-with-disability-having-conversati-2021-12-09-07-21-22-utc-1-800x533.jpg 800w, https:\/\/iedaproject.eu\/wp-content\/uploads\/2022\/01\/people-and-woman-with-disability-having-conversati-2021-12-09-07-21-22-utc-1.jpg 1349w\" data-sizes=\"(max-width: 1024px) 100vw, 1024px\"><div class=\"fy-image-loading fy-image-loading--spinner\" aria-hidden=\"true\"><\/div>\t\t\t\t\t\t\t\t\t\t\t\t\t\t\t<\/div>\n\t\t\t\t<\/div>\n\t\t\t\t\t<\/div>\n\t\t<\/div>\n\t\t\t\t\t\t\t<\/div>\n\t\t<\/section>\n\t\t\t\t<section class=\"elementor-section elementor-top-section elementor-element elementor-element-414b9de elementor-section-boxed elementor-section-height-default elementor-section-height-default\" data-id=\"414b9de\" data-element_type=\"section\">\n\t\t\t\t\t\t<div class=\"elementor-container elementor-column-gap-default\">\n\t\t\t\t\t<div class=\"elementor-column elementor-col-100 elementor-top-column elementor-element elementor-element-a21a5dd\" data-id=\"a21a5dd\" data-element_type=\"column\">\n\t\t\t<div class=\"elementor-widget-wrap\">\n\t\t\t\t\t\t\t\t\t<\/div>\n\t\t<\/div>\n\t\t\t\t\t\t\t<\/div>\n\t\t<\/section>\n\t\t\t\t\t\t\t<\/div>\n\t\t","protected":false},"excerpt":{"rendered":"<p>O projekte IEDA Osoby so zdravotn\u00fdm postihnut\u00edm bohu\u017eia\u013e nemaj\u00fa rovnak\u00fa \u00farove\u0148 slobody vzdel\u00e1vania ako ostatn\u00ed. \u010casto nemaj\u00fa rovnak\u00e9 \u0161ance a pr\u00edle\u017eitosti kvalitn\u00e9ho vzdel\u00e1vania, preto\u017ee &#8230;<\/p>\n","protected":false},"author":2,"featured_media":0,"parent":0,"menu_order":0,"comment_status":"closed","ping_status":"closed","template":"","meta":[],"_links":{"self":[{"href":"https:\/\/iedaproject.eu\/sk\/wp-json\/wp\/v2\/pages\/5013"}],"collection":[{"href":"https:\/\/iedaproject.eu\/sk\/wp-json\/wp\/v2\/pages"}],"about":[{"href":"https:\/\/iedaproject.eu\/sk\/wp-json\/wp\/v2\/types\/page"}],"author":[{"embeddable":true,"href":"https:\/\/iedaproject.eu\/sk\/wp-json\/wp\/v2\/users\/2"}],"replies":[{"embeddable":true,"href":"https:\/\/iedaproject.eu\/sk\/wp-json\/wp\/v2\/comments?post=5013"}],"version-history":[{"count":10,"href":"https:\/\/iedaproject.eu\/sk\/wp-json\/wp\/v2\/pages\/5013\/revisions"}],"predecessor-version":[{"id":5073,"href":"https:\/\/iedaproject.eu\/sk\/wp-json\/wp\/v2\/pages\/5013\/revisions\/5073"}],"wp:attachment":[{"href":"https:\/\/iedaproject.eu\/sk\/wp-json\/wp\/v2\/media?parent=5013"}],"curies":[{"name":"wp","href":"https:\/\/api.w.org\/{rel}","templated":true}]}}