{"id":5716,"date":"2023-06-30T12:31:18","date_gmt":"2023-06-30T10:31:18","guid":{"rendered":"https:\/\/iedaproject.eu\/handbook\/"},"modified":"2023-09-04T09:23:57","modified_gmt":"2023-09-04T07:23:57","slug":"handbook","status":"publish","type":"page","link":"https:\/\/iedaproject.eu\/ro\/handbook\/","title":{"rendered":"Manual"},"content":{"rendered":"\n<p>Acest manual este o prezentare cuprinz\u0103toare a tuturor cuno\u0219tin\u021belor importante care ar putea facilita includerea mai u\u0219oar\u0103 a persoanelor cu dizabilit\u0103\u021bi \u00een atelierele, cursurile \u0219i trainingurile dumneavoastr\u0103. Manualul se bazeaz\u0103 pe expertiza a trei grupuri cheie pentru includerea persoanelor cu dizabilit\u0103\u021bi \u00een educa\u021bia non-formal\u0103 a adul\u021bilor, \u0219i anume: exper\u021bi \u00een tehnologia asistiv\u0103, exper\u021bi \u00een incluziune \u0219i furnizori de educa\u021bie non-formal\u0103 a adul\u021bilor. \u00cen plus, manualul se bazeaz\u0103 pe nevoile reale ale furnizorilor de educa\u021bie pentru adul\u021bi. Suntem siguri c\u0103 Manualul este un instrument util pentru oricine dore\u0219te s\u0103 predea sau s\u0103 lucreze cu persoane cu dizabilit\u0103\u021bi.<\/p>\n\n\n\n<p><a href=\"https:\/\/iedaproject.eu\/wp-content\/uploads\/2023\/08\/URIHO-Handbook-068-RO.pdf\" data-type=\"URL\" data-id=\"https:\/\/iedaproject.eu\/wp-content\/uploads\/2023\/08\/URIHO-Handbook-068-RO.pdf\"><strong>Manual<\/strong><\/a><\/p>\n","protected":false},"excerpt":{"rendered":"<p>Acest manual este o prezentare cuprinz\u0103toare a tuturor cuno\u0219tin\u021belor importante care ar putea facilita includerea mai u\u0219oar\u0103 a persoanelor cu dizabilit\u0103\u021bi \u00een atelierele, cursurile &#8230;<\/p>\n","protected":false},"author":2,"featured_media":0,"parent":0,"menu_order":0,"comment_status":"closed","ping_status":"closed","template":"","meta":[],"_links":{"self":[{"href":"https:\/\/iedaproject.eu\/ro\/wp-json\/wp\/v2\/pages\/5716"}],"collection":[{"href":"https:\/\/iedaproject.eu\/ro\/wp-json\/wp\/v2\/pages"}],"about":[{"href":"https:\/\/iedaproject.eu\/ro\/wp-json\/wp\/v2\/types\/page"}],"author":[{"embeddable":true,"href":"https:\/\/iedaproject.eu\/ro\/wp-json\/wp\/v2\/users\/2"}],"replies":[{"embeddable":true,"href":"https:\/\/iedaproject.eu\/ro\/wp-json\/wp\/v2\/comments?post=5716"}],"version-history":[{"count":6,"href":"https:\/\/iedaproject.eu\/ro\/wp-json\/wp\/v2\/pages\/5716\/revisions"}],"predecessor-version":[{"id":8348,"href":"https:\/\/iedaproject.eu\/ro\/wp-json\/wp\/v2\/pages\/5716\/revisions\/8348"}],"wp:attachment":[{"href":"https:\/\/iedaproject.eu\/ro\/wp-json\/wp\/v2\/media?parent=5716"}],"curies":[{"name":"wp","href":"https:\/\/api.w.org\/{rel}","templated":true}]}}