{"id":5012,"date":"2022-01-12T13:07:41","date_gmt":"2022-01-12T11:07:41","guid":{"rendered":"https:\/\/iedaproject.eu\/project\/"},"modified":"2022-02-08T09:59:57","modified_gmt":"2022-02-08T07:59:57","slug":"project","status":"publish","type":"page","link":"https:\/\/iedaproject.eu\/ro\/project\/","title":{"rendered":"Proiect"},"content":{"rendered":"\t\t<div data-elementor-type=\"wp-page\" data-elementor-id=\"5012\" class=\"elementor elementor-5012 elementor-2960\">\n\t\t\t\t\t\t\t\t\t<section class=\"elementor-section elementor-top-section elementor-element elementor-element-49552af elementor-section-boxed elementor-section-height-default elementor-section-height-default\" data-id=\"49552af\" data-element_type=\"section\">\n\t\t\t\t\t\t<div class=\"elementor-container elementor-column-gap-default\">\n\t\t\t\t\t<div class=\"elementor-column elementor-col-100 elementor-top-column elementor-element elementor-element-9bdfba3\" data-id=\"9bdfba3\" data-element_type=\"column\">\n\t\t\t<div class=\"elementor-widget-wrap elementor-element-populated\">\n\t\t\t\t\t\t\t\t<section class=\"elementor-section elementor-inner-section elementor-element elementor-element-f1eb63a elementor-section-boxed elementor-section-height-default elementor-section-height-default\" data-id=\"f1eb63a\" data-element_type=\"section\">\n\t\t\t\t\t\t<div class=\"elementor-container elementor-column-gap-default\">\n\t\t\t\t\t<div class=\"elementor-column elementor-col-50 elementor-inner-column elementor-element elementor-element-3fc25d2\" data-id=\"3fc25d2\" data-element_type=\"column\">\n\t\t\t<div class=\"elementor-widget-wrap elementor-element-populated\">\n\t\t\t\t\t\t\t\t<div class=\"elementor-element elementor-element-f32a195 elementor-view-default elementor-widget elementor-widget-icon\" data-id=\"f32a195\" data-element_type=\"widget\" data-widget_type=\"icon.default\">\n\t\t\t\t<div class=\"elementor-widget-container\">\n\t\t\t\t\t<div class=\"elementor-icon-wrapper\">\n\t\t\t<div class=\"elementor-icon\">\n\t\t\t<i aria-hidden=\"true\" class=\"fas fa-marker\"><\/i>\t\t\t<\/div>\n\t\t<\/div>\n\t\t\t\t<\/div>\n\t\t\t\t<\/div>\n\t\t\t\t\t<\/div>\n\t\t<\/div>\n\t\t\t\t<div class=\"elementor-column elementor-col-50 elementor-inner-column elementor-element elementor-element-a8730cc\" data-id=\"a8730cc\" data-element_type=\"column\">\n\t\t\t<div class=\"elementor-widget-wrap elementor-element-populated\">\n\t\t\t\t\t\t\t\t<div class=\"elementor-element elementor-element-47745e5 elementor-widget elementor-widget-heading\" data-id=\"47745e5\" data-element_type=\"widget\" data-widget_type=\"heading.default\">\n\t\t\t\t<div class=\"elementor-widget-container\">\n\t\t\t<style>\/*! elementor - v3.14.0 - 26-06-2023 *\/\n.elementor-heading-title{padding:0;margin:0;line-height:1}.elementor-widget-heading .elementor-heading-title[class*=elementor-size-]>a{color:inherit;font-size:inherit;line-height:inherit}.elementor-widget-heading .elementor-heading-title.elementor-size-small{font-size:15px}.elementor-widget-heading .elementor-heading-title.elementor-size-medium{font-size:19px}.elementor-widget-heading .elementor-heading-title.elementor-size-large{font-size:29px}.elementor-widget-heading .elementor-heading-title.elementor-size-xl{font-size:39px}.elementor-widget-heading .elementor-heading-title.elementor-size-xxl{font-size:59px}<\/style><h2 class=\"elementor-heading-title elementor-size-default\">Despre IEDA<\/h2>\t\t<\/div>\n\t\t\t\t<\/div>\n\t\t\t\t\t<\/div>\n\t\t<\/div>\n\t\t\t\t\t\t\t<\/div>\n\t\t<\/section>\n\t\t\t\t<div class=\"elementor-element elementor-element-5e658cc elementor-widget elementor-widget-text-editor\" data-id=\"5e658cc\" data-element_type=\"widget\" data-widget_type=\"text-editor.default\">\n\t\t\t\t<div class=\"elementor-widget-container\">\n\t\t\t<style>\/*! elementor - v3.14.0 - 26-06-2023 *\/\n.elementor-widget-text-editor.elementor-drop-cap-view-stacked .elementor-drop-cap{background-color:#69727d;color:#fff}.elementor-widget-text-editor.elementor-drop-cap-view-framed .elementor-drop-cap{color:#69727d;border:3px solid;background-color:transparent}.elementor-widget-text-editor:not(.elementor-drop-cap-view-default) .elementor-drop-cap{margin-top:8px}.elementor-widget-text-editor:not(.elementor-drop-cap-view-default) .elementor-drop-cap-letter{width:1em;height:1em}.elementor-widget-text-editor .elementor-drop-cap{float:left;text-align:center;line-height:1;font-size:50px}.elementor-widget-text-editor .elementor-drop-cap-letter{display:inline-block}<\/style>\t\t\t\t<p>Din p\u0103cate, persoanele cu dizabilit\u0103\u021bi nu se bucur\u0103 de acela\u0219i nivel de libertate educa\u021bional\u0103 ca \u0219i ceilal\u021bi. De multe ori nu li se ofer\u0103 acelea\u0219i \u0219anse \u0219i oportunit\u0103\u021bi \u00een educa\u021bia de calitate, deoarece metodele prin care primesc cuno\u0219tin\u021be nu sunt adaptate nevoilor lor.<\/p><p>Proiectul nostru Erasmus+ &#8222;Educa\u021bie incluziv\u0103: asigurarea particip\u0103rii persoanelor cu dizabilit\u0103\u021bi \u00een educa\u021bia non-formal\u0103 a persoanelor adulte (IEDA)&#8221; urm\u0103re\u0219te dezvoltarea unui model structurat pentru modificarea sau cre\u0219terea flexibilit\u0103\u021bii programelor actuale de educa\u021bie pentru adul\u021bi, astfel \u00eenc\u00e2t s\u0103 fie adecvate \u0219i accesibile persoanelor cu diverse dizabilit\u0103\u021bi, \u0219i s\u0103 includ\u0103 utilizarea tehnologiilor digitale pentru a dep\u0103\u0219i barierele din mediul educa\u021bional.<\/p><p>Scopul nostru pe termen lung este ca acest model s\u0103 serveasc\u0103 drept baz\u0103 pentru viitoarele practici incluzive \u00een educa\u021bia non-formal\u0103 a adul\u021bilor \u0219i s\u0103 ajute furnizorii de educa\u021bie din acest sector s\u0103 fac\u0103 fa\u021b\u0103 provoc\u0103rilor privind diversitatea \u0219i incluziunea.<br \/>Modelul nostru structurat este compus din trei rezultate ale proiectului:<\/p>\t\t\t\t\t\t<\/div>\n\t\t\t\t<\/div>\n\t\t\t\t<div class=\"elementor-element elementor-element-57f3eb5 elementor-widget elementor-widget-text-editor\" data-id=\"57f3eb5\" data-element_type=\"widget\" data-widget_type=\"text-editor.default\">\n\t\t\t\t<div class=\"elementor-widget-container\">\n\t\t\t\t\t\t\t\t\t\t\t\t\t<\/div>\n\t\t\t\t<\/div>\n\t\t\t\t<div class=\"elementor-element elementor-element-cb3798c elementor-widget elementor-widget-text-editor\" data-id=\"cb3798c\" data-element_type=\"widget\" data-widget_type=\"text-editor.default\">\n\t\t\t\t<div class=\"elementor-widget-container\">\n\t\t\t\t\t\t\t<ol><li>Un curriculum pentru instruire privind metodele \u0219i abord\u0103rile de predare destinate persoanelor cu dizabilit\u0103\u021bi, \u00een educa\u021bia non-formal\u0103 a adul\u021bilor.<\/li><li>Un curriculum pentru instruire privind aplicarea tehnologiilor asistive \u00een educa\u021bia non-formal\u0103 a adul\u021bilor.<\/li><li>Un manual cuprinz\u0103tor privind integrarea persoanelor cu dizabilit\u0103\u021bi \u00een educa\u021bia non-formal\u0103 a adul\u021bilor.<\/li><\/ol>\t\t\t\t\t\t<\/div>\n\t\t\t\t<\/div>\n\t\t\t\t<div class=\"elementor-element elementor-element-cfac1e8 elementor-widget elementor-widget-text-editor\" data-id=\"cfac1e8\" data-element_type=\"widget\" data-widget_type=\"text-editor.default\">\n\t\t\t\t<div class=\"elementor-widget-container\">\n\t\t\t\t\t\t\t\t\t\t\t\t\t<\/div>\n\t\t\t\t<\/div>\n\t\t\t\t\t<\/div>\n\t\t<\/div>\n\t\t\t\t\t\t\t<\/div>\n\t\t<\/section>\n\t\t\t\t<section class=\"elementor-section elementor-top-section elementor-element elementor-element-6d6d74f elementor-section-boxed elementor-section-height-default elementor-section-height-default\" data-id=\"6d6d74f\" data-element_type=\"section\">\n\t\t\t\t\t\t<div class=\"elementor-container elementor-column-gap-default\">\n\t\t\t\t\t<div class=\"elementor-column elementor-col-50 elementor-top-column elementor-element elementor-element-e8d9792\" data-id=\"e8d9792\" data-element_type=\"column\">\n\t\t\t<div class=\"elementor-widget-wrap elementor-element-populated\">\n\t\t\t\t\t\t\t\t<section class=\"elementor-section elementor-inner-section elementor-element elementor-element-0dcca22 elementor-section-boxed elementor-section-height-default elementor-section-height-default\" data-id=\"0dcca22\" data-element_type=\"section\">\n\t\t\t\t\t\t<div class=\"elementor-container elementor-column-gap-default\">\n\t\t\t\t\t<div class=\"elementor-column elementor-col-50 elementor-inner-column elementor-element elementor-element-260cfd8\" data-id=\"260cfd8\" data-element_type=\"column\">\n\t\t\t<div class=\"elementor-widget-wrap elementor-element-populated\">\n\t\t\t\t\t\t\t\t<div class=\"elementor-element elementor-element-b6b9d73 elementor-view-default elementor-widget elementor-widget-icon\" data-id=\"b6b9d73\" data-element_type=\"widget\" data-widget_type=\"icon.default\">\n\t\t\t\t<div class=\"elementor-widget-container\">\n\t\t\t\t\t<div class=\"elementor-icon-wrapper\">\n\t\t\t<div class=\"elementor-icon\">\n\t\t\t<i aria-hidden=\"true\" class=\"fas fa-users\"><\/i>\t\t\t<\/div>\n\t\t<\/div>\n\t\t\t\t<\/div>\n\t\t\t\t<\/div>\n\t\t\t\t\t<\/div>\n\t\t<\/div>\n\t\t\t\t<div class=\"elementor-column elementor-col-50 elementor-inner-column elementor-element elementor-element-43d123a\" data-id=\"43d123a\" data-element_type=\"column\">\n\t\t\t<div class=\"elementor-widget-wrap elementor-element-populated\">\n\t\t\t\t\t\t\t\t<div class=\"elementor-element elementor-element-cd24b87 elementor-widget elementor-widget-heading\" data-id=\"cd24b87\" data-element_type=\"widget\" data-widget_type=\"heading.default\">\n\t\t\t\t<div class=\"elementor-widget-container\">\n\t\t\t<h2 class=\"elementor-heading-title elementor-size-default\">Grupuri \u021bint\u0103<\/h2>\t\t<\/div>\n\t\t\t\t<\/div>\n\t\t\t\t\t<\/div>\n\t\t<\/div>\n\t\t\t\t\t\t\t<\/div>\n\t\t<\/section>\n\t\t\t\t<div class=\"elementor-element elementor-element-2a751b4 elementor-widget elementor-widget-text-editor\" data-id=\"2a751b4\" data-element_type=\"widget\" data-widget_type=\"text-editor.default\">\n\t\t\t\t<div class=\"elementor-widget-container\">\n\t\t\t\t\t\t\t<ul><li>Profesioni\u0219ti \u0219i practicieni din domeniul educa\u021biei non-formale \u0219i domenii conexe.<\/li><li>Furnizori de servicii pentru persoane cu dizabilit\u0103\u021bi.<\/li><li>Persoane cu dizabilit\u0103\u021bi.\u200b<\/li><\/ul>\t\t\t\t\t\t<\/div>\n\t\t\t\t<\/div>\n\t\t\t\t\t<\/div>\n\t\t<\/div>\n\t\t\t\t<div class=\"elementor-column elementor-col-50 elementor-top-column elementor-element elementor-element-689ca2e\" data-id=\"689ca2e\" data-element_type=\"column\">\n\t\t\t<div class=\"elementor-widget-wrap elementor-element-populated\">\n\t\t\t\t\t\t\t\t<div class=\"elementor-element elementor-element-31dd7ea elementor-widget elementor-widget-image\" data-id=\"31dd7ea\" data-element_type=\"widget\" data-widget_type=\"image.default\">\n\t\t\t\t<div class=\"elementor-widget-container\">\n\t\t\t<style>\/*! elementor - v3.14.0 - 26-06-2023 *\/\n.elementor-widget-image{text-align:center}.elementor-widget-image a{display:inline-block}.elementor-widget-image a img[src$=\".svg\"]{width:48px}.elementor-widget-image img{vertical-align:middle;display:inline-block}<\/style>\t\t\t\t\t\t\t\t\t\t\t\t<img width=\"1024\" height=\"682\" src=\"data:image\/svg+xml,%3Csvg%20width%3D%221024%22%20height%3D%22682%22%20xmlns%3D%22http:\/\/www.w3.org\/2000\/svg%22%20viewBox%3D%220%200%201024%20682%22%3E%3C\/svg%3E\" class=\"fy-content__image fy-lazy js-lazy 1\" alt=\"People and woman sitting in wheelchair having conversation at a meeting. Multi ethnic patients attending conversation with psychiatrist at support group therapy during covid 19 pandemic.\" loading=\"lazy\" data-src=\"\/\/www.w3.org\/2000\/svg%22%20viewBox%3D%220%200%20800%20800%22%3E%3C\/svg%3E\" data-srcset=\"https:\/\/iedaproject.eu\/wp-content\/uploads\/2022\/01\/people-and-woman-with-disability-having-conversati-2021-12-09-07-21-22-utc-1-1024x682.jpg 1024w, https:\/\/iedaproject.eu\/wp-content\/uploads\/2022\/01\/people-and-woman-with-disability-having-conversati-2021-12-09-07-21-22-utc-1-300x200.jpg 300w, https:\/\/iedaproject.eu\/wp-content\/uploads\/2022\/01\/people-and-woman-with-disability-having-conversati-2021-12-09-07-21-22-utc-1-768x512.jpg 768w, https:\/\/iedaproject.eu\/wp-content\/uploads\/2022\/01\/people-and-woman-with-disability-having-conversati-2021-12-09-07-21-22-utc-1-800x533.jpg 800w, https:\/\/iedaproject.eu\/wp-content\/uploads\/2022\/01\/people-and-woman-with-disability-having-conversati-2021-12-09-07-21-22-utc-1.jpg 1349w\" data-sizes=\"(max-width: 1024px) 100vw, 1024px\"><div class=\"fy-image-loading fy-image-loading--spinner\" aria-hidden=\"true\"><\/div>\t\t\t\t\t\t\t\t\t\t\t\t\t\t\t<\/div>\n\t\t\t\t<\/div>\n\t\t\t\t\t<\/div>\n\t\t<\/div>\n\t\t\t\t\t\t\t<\/div>\n\t\t<\/section>\n\t\t\t\t<section class=\"elementor-section elementor-top-section elementor-element elementor-element-414b9de elementor-section-boxed elementor-section-height-default elementor-section-height-default\" data-id=\"414b9de\" data-element_type=\"section\">\n\t\t\t\t\t\t<div class=\"elementor-container elementor-column-gap-default\">\n\t\t\t\t\t<div class=\"elementor-column elementor-col-100 elementor-top-column elementor-element elementor-element-a21a5dd\" data-id=\"a21a5dd\" data-element_type=\"column\">\n\t\t\t<div class=\"elementor-widget-wrap\">\n\t\t\t\t\t\t\t\t\t<\/div>\n\t\t<\/div>\n\t\t\t\t\t\t\t<\/div>\n\t\t<\/section>\n\t\t\t\t\t\t\t<\/div>\n\t\t","protected":false},"excerpt":{"rendered":"<p>Despre IEDA Din p\u0103cate, persoanele cu dizabilit\u0103\u021bi nu se bucur\u0103 de acela\u0219i nivel de libertate educa\u021bional\u0103 ca \u0219i ceilal\u021bi. De multe ori nu li &#8230;<\/p>\n","protected":false},"author":2,"featured_media":0,"parent":0,"menu_order":0,"comment_status":"closed","ping_status":"closed","template":"","meta":[],"_links":{"self":[{"href":"https:\/\/iedaproject.eu\/ro\/wp-json\/wp\/v2\/pages\/5012"}],"collection":[{"href":"https:\/\/iedaproject.eu\/ro\/wp-json\/wp\/v2\/pages"}],"about":[{"href":"https:\/\/iedaproject.eu\/ro\/wp-json\/wp\/v2\/types\/page"}],"author":[{"embeddable":true,"href":"https:\/\/iedaproject.eu\/ro\/wp-json\/wp\/v2\/users\/2"}],"replies":[{"embeddable":true,"href":"https:\/\/iedaproject.eu\/ro\/wp-json\/wp\/v2\/comments?post=5012"}],"version-history":[{"count":10,"href":"https:\/\/iedaproject.eu\/ro\/wp-json\/wp\/v2\/pages\/5012\/revisions"}],"predecessor-version":[{"id":5062,"href":"https:\/\/iedaproject.eu\/ro\/wp-json\/wp\/v2\/pages\/5012\/revisions\/5062"}],"wp:attachment":[{"href":"https:\/\/iedaproject.eu\/ro\/wp-json\/wp\/v2\/media?parent=5012"}],"curies":[{"name":"wp","href":"https:\/\/api.w.org\/{rel}","templated":true}]}}