{"id":5881,"date":"2023-07-03T08:21:16","date_gmt":"2023-07-03T06:21:16","guid":{"rendered":"https:\/\/iedaproject.eu\/?page_id=5881"},"modified":"2023-08-29T16:30:20","modified_gmt":"2023-08-29T14:30:20","slug":"handbook","status":"publish","type":"page","link":"https:\/\/iedaproject.eu\/hr\/handbook\/","title":{"rendered":"Priru\u010dnik"},"content":{"rendered":"\n<p>Ovaj priru\u010dnik opse\u017ean je prikaz svih va\u017enih znanja koja bi mogla olak\u0161ati uklju\u010divanje osoba s invaliditetom u va\u0161e te\u010dajeve, radionice i treninge. Priru\u010dnik se temelji na znanjima tri klju\u010dne skupine za uklju\u010divanje OSI u neformalno obrazovanje odraslih, a to su: stru\u010dnjaci za asistivnu tehnologiju, stru\u010dnjaci za inkluziju i pru\u017eatelji usluga neformalnog obrazovanja odraslih. Dodatno, Priru\u010dnici se temelje na stvarnim potrebama pru\u017eatelja usluga obrazovanja odraslih. Sigurni smo da je Priru\u010dnik koristan alat svima koji \u017eele pou\u010davati ili raditi s OSI.<\/p>\n\n\n\n<p><a href=\"https:\/\/iedaproject.eu\/wp-content\/uploads\/2023\/08\/URIHO-Handbook-HR-025-1.pdf\" data-type=\"URL\" data-id=\"https:\/\/iedaproject.eu\/wp-content\/uploads\/2023\/08\/URIHO-Handbook-HR-025-1.pdf\"><strong>Priru\u010dnik<\/strong><\/a><\/p>\n","protected":false},"excerpt":{"rendered":"<p>Ovaj priru\u010dnik opse\u017ean je prikaz svih va\u017enih znanja koja bi mogla olak\u0161ati uklju\u010divanje osoba s invaliditetom u va\u0161e te\u010dajeve, radionice i treninge. Priru\u010dnik se &#8230;<\/p>\n","protected":false},"author":2,"featured_media":0,"parent":0,"menu_order":0,"comment_status":"closed","ping_status":"closed","template":"","meta":[],"_links":{"self":[{"href":"https:\/\/iedaproject.eu\/hr\/wp-json\/wp\/v2\/pages\/5881"}],"collection":[{"href":"https:\/\/iedaproject.eu\/hr\/wp-json\/wp\/v2\/pages"}],"about":[{"href":"https:\/\/iedaproject.eu\/hr\/wp-json\/wp\/v2\/types\/page"}],"author":[{"embeddable":true,"href":"https:\/\/iedaproject.eu\/hr\/wp-json\/wp\/v2\/users\/2"}],"replies":[{"embeddable":true,"href":"https:\/\/iedaproject.eu\/hr\/wp-json\/wp\/v2\/comments?post=5881"}],"version-history":[{"count":6,"href":"https:\/\/iedaproject.eu\/hr\/wp-json\/wp\/v2\/pages\/5881\/revisions"}],"predecessor-version":[{"id":7722,"href":"https:\/\/iedaproject.eu\/hr\/wp-json\/wp\/v2\/pages\/5881\/revisions\/7722"}],"wp:attachment":[{"href":"https:\/\/iedaproject.eu\/hr\/wp-json\/wp\/v2\/media?parent=5881"}],"curies":[{"name":"wp","href":"https:\/\/api.w.org\/{rel}","templated":true}]}}