{"id":5879,"date":"2023-07-03T08:20:55","date_gmt":"2023-07-03T06:20:55","guid":{"rendered":"https:\/\/iedaproject.eu\/?page_id=5879"},"modified":"2023-09-01T14:27:55","modified_gmt":"2023-09-01T12:27:55","slug":"curriculum-application-of-assistive-technologies-in-non-formal-adult-education","status":"publish","type":"page","link":"https:\/\/iedaproject.eu\/hr\/curriculum-application-of-assistive-technologies-in-non-formal-adult-education\/","title":{"rendered":"Kurikulum: Primjena asistivnih tehnologija u neformalnom obrazovanju odraslih"},"content":{"rendered":"\n<p>Kako bi u potpunosti i ravnopravno sudjelovale u obrazovnom procesu, OSI trebaju razli\u010dite oblike prilagodbe. Jedan od tih oblika je i asistivna tehnologija (AT) koja uklju\u010duje sva tehnolo\u0161ka rje\u0161enja namijenjena omogu\u0107avanju, podr\u0161ci ili pobolj\u0161anju funkcioniranja osobe s invaliditetom. U formalnom obrazovanju AT se koristi kroz organizirane mehanizme unutar obrazovnog sustava, dok u podru\u010dju neformalnog obrazovanja ne postoji sustavna podr\u0161ka za uklju\u010divanje I kori\u0161tenje AT. Kako bi na adekvatan na\u010din uklju\u010dili OSI u svoje neformalne programe, pru\u017eatelji ove vrste obrazovanja moraju imati osnovno znanje o AT. Ovaj kurikulum pru\u017ea sustavan pregled asistivnih tehnologija s obzirom na vrstu invaliditeta. Tako\u0111er pru\u017ea uvid u mogu\u0107nosti nabave i obuke za AT. Sastavni dio kurikuluma je univerzalni dizajn, ideja koja promi\u010de stvaranje tehnologije dostupne svima bez obzira na (ne)postojanje invaliditeta. Ovaj kurikulum prvenstveno je namijenjen stru\u010dnjacima u podru\u010dju neformalnog obrazovanja odraslih koji \u017eele pou\u010davati OSI te organizacijama koje pru\u017eaju usluge neformalnog obrazovanja odraslim osobama koje \u017eele kreirati i provoditi inkluzivne obrazovne programe. Kurikulum unapre\u0111uje kompetencije stru\u010dnjaka za razumijevanje, procjenu i implementaciju asistivnih tehnologija, ali i neizravno ja\u010da kapacitete organizacija kroz prijenos znanja o mobilizaciji vlastitih i stjecanju vanjskih resursa za osiguranje i implementaciju AT.<\/p>\n\n\n\n<p>Preuzmite materijal za nastavni plan i program:<br><br>0. <a href=\"https:\/\/iedaproject.eu\/wp-content\/uploads\/2023\/09\/ieda-io2-curriculum-HR-final.pdf\" data-type=\"URL\" data-id=\"https:\/\/iedaproject.eu\/wp-content\/uploads\/2023\/09\/ieda-io2-curriculum-HR-final.pdf\">Curriculum<\/a><br>&#8211; <strong>Modul 1<\/strong>: <a href=\"https:\/\/iedaproject.eu\/wp-content\/uploads\/2023\/09\/M1_HR.zip\" data-type=\"URL\" data-id=\"https:\/\/iedaproject.eu\/wp-content\/uploads\/2023\/09\/M1_HR.zip\">Uvod u asistivnu tehnologiju<\/a><br>&#8211; <strong>Modul 2<\/strong>: <a href=\"https:\/\/iedaproject.eu\/wp-content\/uploads\/2023\/09\/M2_HR.zip\" data-type=\"URL\" data-id=\"https:\/\/iedaproject.eu\/wp-content\/uploads\/2023\/09\/M2_HR.zip\">Asistivna tehnologija u obrazovnom kontekstu<\/a><br>&#8211;<strong> Modul 3<\/strong>: <a href=\"https:\/\/iedaproject.eu\/wp-content\/uploads\/2023\/09\/M3_HR.zip\" data-type=\"URL\" data-id=\"https:\/\/iedaproject.eu\/wp-content\/uploads\/2023\/09\/M3_HR.zip\">Odabir odgovaraju\u0107e<\/a><br>&#8211; <strong>Modul 4<\/strong>: <a href=\"https:\/\/iedaproject.eu\/wp-content\/uploads\/2023\/09\/M4_HR.zip\" data-type=\"URL\" data-id=\"https:\/\/iedaproject.eu\/wp-content\/uploads\/2023\/09\/M4_HR.zip\">Pronala\u017eenje i mobilizacija resursa<\/a><br>&#8211;<strong> Modul 5<\/strong>: <a href=\"https:\/\/iedaproject.eu\/wp-content\/uploads\/2023\/09\/M5_HR.zip\" data-type=\"URL\" data-id=\"https:\/\/iedaproject.eu\/wp-content\/uploads\/2023\/09\/M5_HR.zip\">Univerzalni dizajn &#8211; principi i implementacija<\/a><br>&#8211; <strong>Modul 6<\/strong>: <a href=\"https:\/\/iedaproject.eu\/wp-content\/uploads\/2023\/09\/M6_HR.zip\" data-type=\"URL\" data-id=\"https:\/\/iedaproject.eu\/wp-content\/uploads\/2023\/09\/M6_HR.zip\">Kori\u0161tenje novih tehnologija za podr\u0161ku osobama s invaliditetom<\/a><\/p>\n","protected":false},"excerpt":{"rendered":"<p>Kako bi u potpunosti i ravnopravno sudjelovale u obrazovnom procesu, OSI trebaju razli\u010dite oblike prilagodbe. Jedan od tih oblika je i asistivna tehnologija (AT) &#8230;<\/p>\n","protected":false},"author":2,"featured_media":0,"parent":0,"menu_order":0,"comment_status":"closed","ping_status":"closed","template":"","meta":[],"_links":{"self":[{"href":"https:\/\/iedaproject.eu\/hr\/wp-json\/wp\/v2\/pages\/5879"}],"collection":[{"href":"https:\/\/iedaproject.eu\/hr\/wp-json\/wp\/v2\/pages"}],"about":[{"href":"https:\/\/iedaproject.eu\/hr\/wp-json\/wp\/v2\/types\/page"}],"author":[{"embeddable":true,"href":"https:\/\/iedaproject.eu\/hr\/wp-json\/wp\/v2\/users\/2"}],"replies":[{"embeddable":true,"href":"https:\/\/iedaproject.eu\/hr\/wp-json\/wp\/v2\/comments?post=5879"}],"version-history":[{"count":5,"href":"https:\/\/iedaproject.eu\/hr\/wp-json\/wp\/v2\/pages\/5879\/revisions"}],"predecessor-version":[{"id":8347,"href":"https:\/\/iedaproject.eu\/hr\/wp-json\/wp\/v2\/pages\/5879\/revisions\/8347"}],"wp:attachment":[{"href":"https:\/\/iedaproject.eu\/hr\/wp-json\/wp\/v2\/media?parent=5879"}],"curies":[{"name":"wp","href":"https:\/\/api.w.org\/{rel}","templated":true}]}}