{"id":5008,"date":"2022-01-12T13:07:41","date_gmt":"2022-01-12T11:07:41","guid":{"rendered":"https:\/\/iedaproject.eu\/project\/"},"modified":"2022-02-08T09:31:50","modified_gmt":"2022-02-08T07:31:50","slug":"project","status":"publish","type":"page","link":"https:\/\/iedaproject.eu\/hr\/project\/","title":{"rendered":"Projekt"},"content":{"rendered":"\t\t<div data-elementor-type=\"wp-page\" data-elementor-id=\"5008\" class=\"elementor elementor-5008 elementor-2960\">\n\t\t\t\t\t\t\t\t\t<section class=\"elementor-section elementor-top-section elementor-element elementor-element-49552af elementor-section-boxed elementor-section-height-default elementor-section-height-default\" data-id=\"49552af\" data-element_type=\"section\">\n\t\t\t\t\t\t<div class=\"elementor-container elementor-column-gap-default\">\n\t\t\t\t\t<div class=\"elementor-column elementor-col-100 elementor-top-column elementor-element elementor-element-9bdfba3\" data-id=\"9bdfba3\" data-element_type=\"column\">\n\t\t\t<div class=\"elementor-widget-wrap elementor-element-populated\">\n\t\t\t\t\t\t\t\t<section class=\"elementor-section elementor-inner-section elementor-element elementor-element-f1eb63a elementor-section-boxed elementor-section-height-default elementor-section-height-default\" data-id=\"f1eb63a\" data-element_type=\"section\">\n\t\t\t\t\t\t<div class=\"elementor-container elementor-column-gap-default\">\n\t\t\t\t\t<div class=\"elementor-column elementor-col-50 elementor-inner-column elementor-element elementor-element-3fc25d2\" data-id=\"3fc25d2\" data-element_type=\"column\">\n\t\t\t<div class=\"elementor-widget-wrap elementor-element-populated\">\n\t\t\t\t\t\t\t\t<div class=\"elementor-element elementor-element-f32a195 elementor-view-default elementor-widget elementor-widget-icon\" data-id=\"f32a195\" data-element_type=\"widget\" data-widget_type=\"icon.default\">\n\t\t\t\t<div class=\"elementor-widget-container\">\n\t\t\t\t\t<div class=\"elementor-icon-wrapper\">\n\t\t\t<div class=\"elementor-icon\">\n\t\t\t<i aria-hidden=\"true\" class=\"fas fa-marker\"><\/i>\t\t\t<\/div>\n\t\t<\/div>\n\t\t\t\t<\/div>\n\t\t\t\t<\/div>\n\t\t\t\t\t<\/div>\n\t\t<\/div>\n\t\t\t\t<div class=\"elementor-column elementor-col-50 elementor-inner-column elementor-element elementor-element-a8730cc\" data-id=\"a8730cc\" data-element_type=\"column\">\n\t\t\t<div class=\"elementor-widget-wrap elementor-element-populated\">\n\t\t\t\t\t\t\t\t<div class=\"elementor-element elementor-element-47745e5 elementor-widget elementor-widget-heading\" data-id=\"47745e5\" data-element_type=\"widget\" data-widget_type=\"heading.default\">\n\t\t\t\t<div class=\"elementor-widget-container\">\n\t\t\t<style>\/*! elementor - v3.14.0 - 26-06-2023 *\/\n.elementor-heading-title{padding:0;margin:0;line-height:1}.elementor-widget-heading .elementor-heading-title[class*=elementor-size-]>a{color:inherit;font-size:inherit;line-height:inherit}.elementor-widget-heading .elementor-heading-title.elementor-size-small{font-size:15px}.elementor-widget-heading .elementor-heading-title.elementor-size-medium{font-size:19px}.elementor-widget-heading .elementor-heading-title.elementor-size-large{font-size:29px}.elementor-widget-heading .elementor-heading-title.elementor-size-xl{font-size:39px}.elementor-widget-heading .elementor-heading-title.elementor-size-xxl{font-size:59px}<\/style><h2 class=\"elementor-heading-title elementor-size-default\">O IEDA-i<\/h2>\t\t<\/div>\n\t\t\t\t<\/div>\n\t\t\t\t\t<\/div>\n\t\t<\/div>\n\t\t\t\t\t\t\t<\/div>\n\t\t<\/section>\n\t\t\t\t<div class=\"elementor-element elementor-element-5e658cc elementor-widget elementor-widget-text-editor\" data-id=\"5e658cc\" data-element_type=\"widget\" data-widget_type=\"text-editor.default\">\n\t\t\t\t<div class=\"elementor-widget-container\">\n\t\t\t<style>\/*! elementor - v3.14.0 - 26-06-2023 *\/\n.elementor-widget-text-editor.elementor-drop-cap-view-stacked .elementor-drop-cap{background-color:#69727d;color:#fff}.elementor-widget-text-editor.elementor-drop-cap-view-framed .elementor-drop-cap{color:#69727d;border:3px solid;background-color:transparent}.elementor-widget-text-editor:not(.elementor-drop-cap-view-default) .elementor-drop-cap{margin-top:8px}.elementor-widget-text-editor:not(.elementor-drop-cap-view-default) .elementor-drop-cap-letter{width:1em;height:1em}.elementor-widget-text-editor .elementor-drop-cap{float:left;text-align:center;line-height:1;font-size:50px}.elementor-widget-text-editor .elementor-drop-cap-letter{display:inline-block}<\/style>\t\t\t\t<p>Osobe s invaliditetom nemaju jednake mogu\u0107nosti slobodnog obrazovanja kao<br \/>drugi. \u010cesto im nisu pru\u017eene jednake \u0161anse i mogu\u0107nosti kvalitetnog obrazovanja zbog toga \u0161to metode u\u010denja nisu prilago\u0111ene njihovim potrebama.<\/p><p>Cilj na\u0161eg Erasmus+ projekta \u201eInkluzivno obrazovanje: osiguranje pristupa\u010dnosti ne-strukovnog obrazovanja odraslim osobama s invaliditetom (IEDA)\u201c je razviti strukturirani model za promjenu, tj. pove\u0107anje fleksibilnosti postoje\u0107ih obrazovnih modela obrazovanja odraslih koji bi postao primjeren i dostupan osobama s razli\u010ditim invaliditetom (npr. upotreba digitalnih tehnologija).<\/p><p>Na\u0161 dugoro\u010dni cilj je da ovaj model slu\u017ei kao temelj budu\u0107ih inkluzivnih praksi u ne-strukovnom obrazovanju odraslih i trajno senzibilizira pru\u017eatelje obrazovanja odraslih za izazove raznolikosti i inkluziju. Na\u0161 strukturirani model sadr\u017eava tri projektna rezultata:<\/p>\t\t\t\t\t\t<\/div>\n\t\t\t\t<\/div>\n\t\t\t\t<div class=\"elementor-element elementor-element-57f3eb5 elementor-widget elementor-widget-text-editor\" data-id=\"57f3eb5\" data-element_type=\"widget\" data-widget_type=\"text-editor.default\">\n\t\t\t\t<div class=\"elementor-widget-container\">\n\t\t\t\t\t\t\t\t\t\t\t\t\t<\/div>\n\t\t\t\t<\/div>\n\t\t\t\t<div class=\"elementor-element elementor-element-cb3798c elementor-widget elementor-widget-text-editor\" data-id=\"cb3798c\" data-element_type=\"widget\" data-widget_type=\"text-editor.default\">\n\t\t\t\t<div class=\"elementor-widget-container\">\n\t\t\t\t\t\t\t<ol><li>Kurikulum edukacije o metodama i pristupima rada s osobama s invaliditetom u<br \/>ne-strukovnom obrazovanju odraslih.<\/li><li>Kurikulum o implementaciji asistivne tehnologije u ne-strukovno obrazovanje<br \/>odraslih.<\/li><li>Sveobuhvatni Priru\u010dnik za integraciju osoba s invaliditetom u ne-strukovno obrazovanje odraslih.<\/li><\/ol>\t\t\t\t\t\t<\/div>\n\t\t\t\t<\/div>\n\t\t\t\t<div class=\"elementor-element elementor-element-cfac1e8 elementor-widget elementor-widget-text-editor\" data-id=\"cfac1e8\" data-element_type=\"widget\" data-widget_type=\"text-editor.default\">\n\t\t\t\t<div class=\"elementor-widget-container\">\n\t\t\t\t\t\t\t\t\t\t\t\t\t<\/div>\n\t\t\t\t<\/div>\n\t\t\t\t\t<\/div>\n\t\t<\/div>\n\t\t\t\t\t\t\t<\/div>\n\t\t<\/section>\n\t\t\t\t<section class=\"elementor-section elementor-top-section elementor-element elementor-element-6d6d74f elementor-section-boxed elementor-section-height-default elementor-section-height-default\" data-id=\"6d6d74f\" data-element_type=\"section\">\n\t\t\t\t\t\t<div class=\"elementor-container elementor-column-gap-default\">\n\t\t\t\t\t<div class=\"elementor-column elementor-col-50 elementor-top-column elementor-element elementor-element-e8d9792\" data-id=\"e8d9792\" data-element_type=\"column\">\n\t\t\t<div class=\"elementor-widget-wrap elementor-element-populated\">\n\t\t\t\t\t\t\t\t<section class=\"elementor-section elementor-inner-section elementor-element elementor-element-0dcca22 elementor-section-boxed elementor-section-height-default elementor-section-height-default\" data-id=\"0dcca22\" data-element_type=\"section\">\n\t\t\t\t\t\t<div class=\"elementor-container elementor-column-gap-default\">\n\t\t\t\t\t<div class=\"elementor-column elementor-col-50 elementor-inner-column elementor-element elementor-element-260cfd8\" data-id=\"260cfd8\" data-element_type=\"column\">\n\t\t\t<div class=\"elementor-widget-wrap elementor-element-populated\">\n\t\t\t\t\t\t\t\t<div class=\"elementor-element elementor-element-b6b9d73 elementor-view-default elementor-widget elementor-widget-icon\" data-id=\"b6b9d73\" data-element_type=\"widget\" data-widget_type=\"icon.default\">\n\t\t\t\t<div class=\"elementor-widget-container\">\n\t\t\t\t\t<div class=\"elementor-icon-wrapper\">\n\t\t\t<div class=\"elementor-icon\">\n\t\t\t<i aria-hidden=\"true\" class=\"fas fa-users\"><\/i>\t\t\t<\/div>\n\t\t<\/div>\n\t\t\t\t<\/div>\n\t\t\t\t<\/div>\n\t\t\t\t\t<\/div>\n\t\t<\/div>\n\t\t\t\t<div class=\"elementor-column elementor-col-50 elementor-inner-column elementor-element elementor-element-43d123a\" data-id=\"43d123a\" data-element_type=\"column\">\n\t\t\t<div class=\"elementor-widget-wrap elementor-element-populated\">\n\t\t\t\t\t\t\t\t<div class=\"elementor-element elementor-element-cd24b87 elementor-widget elementor-widget-heading\" data-id=\"cd24b87\" data-element_type=\"widget\" data-widget_type=\"heading.default\">\n\t\t\t\t<div class=\"elementor-widget-container\">\n\t\t\t<h2 class=\"elementor-heading-title elementor-size-default\">Ciljane skupine<\/h2>\t\t<\/div>\n\t\t\t\t<\/div>\n\t\t\t\t\t<\/div>\n\t\t<\/div>\n\t\t\t\t\t\t\t<\/div>\n\t\t<\/section>\n\t\t\t\t<div class=\"elementor-element elementor-element-2a751b4 elementor-widget elementor-widget-text-editor\" data-id=\"2a751b4\" data-element_type=\"widget\" data-widget_type=\"text-editor.default\">\n\t\t\t\t<div class=\"elementor-widget-container\">\n\t\t\t\t\t\t\t<ul><li><span style=\"color: var(--fy--content-color); font-family: var(--fy--font-secondary); font-size: var(--fy--font-size-base); font-weight: var(--fy--font-weight); letter-spacing: var(--fy--letter-spacing); text-transform: var(--fy--text-transform);\">Nastavno i ne-nastavno osoblje<br \/><\/span><\/li><li><span style=\"color: var(--fy--content-color); font-family: var(--fy--font-secondary); font-size: var(--fy--font-size-base); font-weight: var(--fy--font-weight); letter-spacing: var(--fy--letter-spacing); text-transform: var(--fy--text-transform);\">Pru\u017eatelji usluga za osobe s invaliditetom<br \/><\/span><\/li><li><span style=\"color: var(--fy--content-color); font-family: var(--fy--font-secondary); font-size: var(--fy--font-size-base); font-weight: var(--fy--font-weight); letter-spacing: var(--fy--letter-spacing); text-transform: var(--fy--text-transform);\">Osobe s invaliditetom\u200b<\/span><\/li><\/ul>\t\t\t\t\t\t<\/div>\n\t\t\t\t<\/div>\n\t\t\t\t\t<\/div>\n\t\t<\/div>\n\t\t\t\t<div class=\"elementor-column elementor-col-50 elementor-top-column elementor-element elementor-element-689ca2e\" data-id=\"689ca2e\" data-element_type=\"column\">\n\t\t\t<div class=\"elementor-widget-wrap elementor-element-populated\">\n\t\t\t\t\t\t\t\t<div class=\"elementor-element elementor-element-31dd7ea elementor-widget elementor-widget-image\" data-id=\"31dd7ea\" data-element_type=\"widget\" data-widget_type=\"image.default\">\n\t\t\t\t<div class=\"elementor-widget-container\">\n\t\t\t<style>\/*! elementor - v3.14.0 - 26-06-2023 *\/\n.elementor-widget-image{text-align:center}.elementor-widget-image a{display:inline-block}.elementor-widget-image a img[src$=\".svg\"]{width:48px}.elementor-widget-image img{vertical-align:middle;display:inline-block}<\/style>\t\t\t\t\t\t\t\t\t\t\t\t<img width=\"1024\" height=\"682\" src=\"data:image\/svg+xml,%3Csvg%20width%3D%221024%22%20height%3D%22682%22%20xmlns%3D%22http:\/\/www.w3.org\/2000\/svg%22%20viewBox%3D%220%200%201024%20682%22%3E%3C\/svg%3E\" class=\"fy-content__image fy-lazy js-lazy 1\" alt=\"People and woman sitting in wheelchair having conversation at a meeting. Multi ethnic patients attending conversation with psychiatrist at support group therapy during covid 19 pandemic.\" loading=\"lazy\" data-src=\"\/\/www.w3.org\/2000\/svg%22%20viewBox%3D%220%200%20800%20800%22%3E%3C\/svg%3E\" data-srcset=\"https:\/\/iedaproject.eu\/wp-content\/uploads\/2022\/01\/people-and-woman-with-disability-having-conversati-2021-12-09-07-21-22-utc-1-1024x682.jpg 1024w, https:\/\/iedaproject.eu\/wp-content\/uploads\/2022\/01\/people-and-woman-with-disability-having-conversati-2021-12-09-07-21-22-utc-1-300x200.jpg 300w, https:\/\/iedaproject.eu\/wp-content\/uploads\/2022\/01\/people-and-woman-with-disability-having-conversati-2021-12-09-07-21-22-utc-1-768x512.jpg 768w, https:\/\/iedaproject.eu\/wp-content\/uploads\/2022\/01\/people-and-woman-with-disability-having-conversati-2021-12-09-07-21-22-utc-1-800x533.jpg 800w, https:\/\/iedaproject.eu\/wp-content\/uploads\/2022\/01\/people-and-woman-with-disability-having-conversati-2021-12-09-07-21-22-utc-1.jpg 1349w\" data-sizes=\"(max-width: 1024px) 100vw, 1024px\"><div class=\"fy-image-loading fy-image-loading--spinner\" aria-hidden=\"true\"><\/div>\t\t\t\t\t\t\t\t\t\t\t\t\t\t\t<\/div>\n\t\t\t\t<\/div>\n\t\t\t\t\t<\/div>\n\t\t<\/div>\n\t\t\t\t\t\t\t<\/div>\n\t\t<\/section>\n\t\t\t\t<section class=\"elementor-section elementor-top-section elementor-element elementor-element-414b9de elementor-section-boxed elementor-section-height-default elementor-section-height-default\" data-id=\"414b9de\" data-element_type=\"section\">\n\t\t\t\t\t\t<div class=\"elementor-container elementor-column-gap-default\">\n\t\t\t\t\t<div class=\"elementor-column elementor-col-100 elementor-top-column elementor-element elementor-element-a21a5dd\" data-id=\"a21a5dd\" data-element_type=\"column\">\n\t\t\t<div class=\"elementor-widget-wrap\">\n\t\t\t\t\t\t\t\t\t<\/div>\n\t\t<\/div>\n\t\t\t\t\t\t\t<\/div>\n\t\t<\/section>\n\t\t\t\t\t\t\t<\/div>\n\t\t","protected":false},"excerpt":{"rendered":"<p>O IEDA-i Osobe s invaliditetom nemaju jednake mogu\u0107nosti slobodnog obrazovanja kaodrugi. \u010cesto im nisu pru\u017eene jednake \u0161anse i mogu\u0107nosti kvalitetnog obrazovanja zbog toga \u0161to &#8230;<\/p>\n","protected":false},"author":2,"featured_media":0,"parent":0,"menu_order":0,"comment_status":"closed","ping_status":"closed","template":"","meta":[],"_links":{"self":[{"href":"https:\/\/iedaproject.eu\/hr\/wp-json\/wp\/v2\/pages\/5008"}],"collection":[{"href":"https:\/\/iedaproject.eu\/hr\/wp-json\/wp\/v2\/pages"}],"about":[{"href":"https:\/\/iedaproject.eu\/hr\/wp-json\/wp\/v2\/types\/page"}],"author":[{"embeddable":true,"href":"https:\/\/iedaproject.eu\/hr\/wp-json\/wp\/v2\/users\/2"}],"replies":[{"embeddable":true,"href":"https:\/\/iedaproject.eu\/hr\/wp-json\/wp\/v2\/comments?post=5008"}],"version-history":[{"count":7,"href":"https:\/\/iedaproject.eu\/hr\/wp-json\/wp\/v2\/pages\/5008\/revisions"}],"predecessor-version":[{"id":5021,"href":"https:\/\/iedaproject.eu\/hr\/wp-json\/wp\/v2\/pages\/5008\/revisions\/5021"}],"wp:attachment":[{"href":"https:\/\/iedaproject.eu\/hr\/wp-json\/wp\/v2\/media?parent=5008"}],"curies":[{"name":"wp","href":"https:\/\/api.w.org\/{rel}","templated":true}]}}