{"id":5715,"date":"2023-06-30T12:31:18","date_gmt":"2023-06-30T10:31:18","guid":{"rendered":"https:\/\/iedaproject.eu\/handbook\/"},"modified":"2023-08-29T16:32:12","modified_gmt":"2023-08-29T14:32:12","slug":"handbook","status":"publish","type":"page","link":"https:\/\/iedaproject.eu\/de\/handbook\/","title":{"rendered":"Handbuch"},"content":{"rendered":"\n<p>Dieses Handbuch ist eine umfassende Darstellung aller wichtigen Kenntnisse, die eine leichtere Inklusion von Menschen mit Behinderungen in Ihren Workshops, Kursen und Schulungen erm\u00f6glichen k\u00f6nnten. Das Handbuch basiert auf der Expertise von drei Schl\u00fcsselgruppen f\u00fcr die Inklusion von Menschen mit Behinderungen in der non-formalen Erwachsenenbildung, n\u00e4mlich: Expert*innen f\u00fcr assistive Technologie, Expert*innen f\u00fcr Inklusion und Anbieter*innen von non-formaler Erwachsenenbildung. Zus\u00e4tzlich basiert das Handbuch auf den tats\u00e4chlichen Bed\u00fcrfnissen der Anbietenden von Erwachsenenbildung. Wir sind sicher, dass das Handbuch ein n\u00fctzliches Werkzeug f\u00fcr alle ist, die Menschen mit Behinderungen unterrichten oder mit ihnen arbeiten m\u00f6chten.<\/p>\n\n\n\n<p><a href=\"https:\/\/iedaproject.eu\/wp-content\/uploads\/2023\/08\/URIHO-Handbook-DE-030-1.pdf\" data-type=\"URL\" data-id=\"https:\/\/iedaproject.eu\/wp-content\/uploads\/2023\/08\/URIHO-Handbook-DE-030-1.pdf\"><strong>Handbuch<\/strong><\/a><\/p>\n","protected":false},"excerpt":{"rendered":"<p>Dieses Handbuch ist eine umfassende Darstellung aller wichtigen Kenntnisse, die eine leichtere Inklusion von Menschen mit Behinderungen in Ihren Workshops, Kursen und Schulungen erm\u00f6glichen &#8230;<\/p>\n","protected":false},"author":2,"featured_media":0,"parent":0,"menu_order":0,"comment_status":"closed","ping_status":"closed","template":"","meta":[],"_links":{"self":[{"href":"https:\/\/iedaproject.eu\/de\/wp-json\/wp\/v2\/pages\/5715"}],"collection":[{"href":"https:\/\/iedaproject.eu\/de\/wp-json\/wp\/v2\/pages"}],"about":[{"href":"https:\/\/iedaproject.eu\/de\/wp-json\/wp\/v2\/types\/page"}],"author":[{"embeddable":true,"href":"https:\/\/iedaproject.eu\/de\/wp-json\/wp\/v2\/users\/2"}],"replies":[{"embeddable":true,"href":"https:\/\/iedaproject.eu\/de\/wp-json\/wp\/v2\/comments?post=5715"}],"version-history":[{"count":5,"href":"https:\/\/iedaproject.eu\/de\/wp-json\/wp\/v2\/pages\/5715\/revisions"}],"predecessor-version":[{"id":7725,"href":"https:\/\/iedaproject.eu\/de\/wp-json\/wp\/v2\/pages\/5715\/revisions\/7725"}],"wp:attachment":[{"href":"https:\/\/iedaproject.eu\/de\/wp-json\/wp\/v2\/media?parent=5715"}],"curies":[{"name":"wp","href":"https:\/\/api.w.org\/{rel}","templated":true}]}}