{"id":5710,"date":"2023-06-30T12:26:00","date_gmt":"2023-06-30T10:26:00","guid":{"rendered":"https:\/\/iedaproject.eu\/curriculum-teaching-methods-and-techniques-for-persons\/"},"modified":"2023-08-29T12:28:03","modified_gmt":"2023-08-29T10:28:03","slug":"curriculum-teaching-methods-and-techniques-for-persons","status":"publish","type":"page","link":"https:\/\/iedaproject.eu\/de\/curriculum-teaching-methods-and-techniques-for-persons\/","title":{"rendered":"Lehrplan: Lehrmethoden und -techniken f\u00fcr Menschen mit Behinderungen in der nicht-formalen Erwachsenenbildung"},"content":{"rendered":"\n<p>Menschen mit Behinderungen (MmB) ben\u00f6tigen im Bildungsprozess aufgrund der Art ihrer Behinderung besondere Vorkehrungen auf organisatorischer, personeller und technisch-technologischer Ebene. Dieses Curriculum bietet Wissen und Informationen in systematischer Form, die f\u00fcr alle drei genannten Ebenen relevant sind. Das Curriculum wurde von Expert*innen von URIHO f\u00fcr die Inklusion von Menschen mit Behinderungen entwickelt, basierend auf der Erfahrung in der Entwicklung und Umsetzung non-formaler Bildung, und unter st\u00e4ndigem Feedback und Zusammenarbeit mit allen Partnerorganisationen. Der Lehrplan richtet sich in erster Linie an Fachkr\u00e4fte der non-formalen Erwachsenenbildung, die Menschen mit Behinderungen unterrichten wollen, sowie an Organisationen der non-formalen Erwachsenenbildung, die inklusive Bildungsprogramme entwickeln und umsetzen wollen. Der Inhalt des Curriculums kann jedoch auf alle Personen angewandt werden, die in ihrer beruflichen T\u00e4tigkeit mit Menschen mit Behinderungen zu tun haben (Expert*innen f\u00fcr Inklusion, Personalexpert*innen, Freiwillige, medizinisches Personal, Sozialhilfeexpert*innen, Trainer*innen, Verwaltungspersonal usw.). Der Inhalt des Curriculums konzentriert sich auf praktische M\u00f6glichkeiten, wie Anbietende non-formaler Erwachsenenbildung die Barrierefreiheit ihrer Bildungsprogramme erh\u00f6hen k\u00f6nnen. Als systematischer \u00dcberblick \u00fcber verschiedene Arten von Behinderungen und die sich daraus ergebenden Schwierigkeiten im Bildungskontext hat das Curriculum aber auch eine wichtige sensibilisierende Funktion.<\/p>\n\n\n\n<p>Laden Sie das Lehrplanmaterial herunter:<\/p>\n\n\n\n<p>0.\u00a0<a href=\"https:\/\/iedaproject.eu\/wp-content\/uploads\/2023\/08\/Curriculum_German.pdf\" data-type=\"URL\" data-id=\"https:\/\/iedaproject.eu\/wp-content\/uploads\/2023\/08\/Curriculum_German.pdf\">Lehrplan<\/a><br>1.\u00a0<a href=\"https:\/\/iedaproject.eu\/wp-content\/uploads\/2023\/08\/Ethischer-Ansatz_German.zip\" data-type=\"URL\" data-id=\"https:\/\/iedaproject.eu\/wp-content\/uploads\/2023\/08\/Ethischer-Ansatz_German.zip\">Ethischer Ansatz, Stereotypen, Vorurteile<\/a><br>2.\u00a0<a href=\"https:\/\/iedaproject.eu\/wp-content\/uploads\/2023\/08\/Inklusion_German.zip\" data-type=\"URL\" data-id=\"https:\/\/iedaproject.eu\/wp-content\/uploads\/2023\/08\/Inklusion_German.zip\">Aufnahme<\/a><br>3.\u00a0<a href=\"https:\/\/iedaproject.eu\/wp-content\/uploads\/2023\/08\/Sehbehinderungen_German.zip\" data-type=\"URL\" data-id=\"https:\/\/iedaproject.eu\/wp-content\/uploads\/2023\/08\/Sehbehinderungen_German.zip\">Sehbehinderung<\/a><br>4.\u00a0<a href=\"https:\/\/iedaproject.eu\/wp-content\/uploads\/2023\/08\/Horbehinderungen_German.zip\" data-type=\"URL\" data-id=\"https:\/\/iedaproject.eu\/wp-content\/uploads\/2023\/08\/Horbehinderungen_German.zip\">Schwerh\u00f6rig<\/a><br>5.\u00a0<a href=\"https:\/\/iedaproject.eu\/wp-content\/uploads\/2023\/08\/Einschrankungen-der-Bewegungsablaufe_German.zip\" data-type=\"URL\" data-id=\"https:\/\/iedaproject.eu\/wp-content\/uploads\/2023\/08\/Einschrankungen-der-Bewegungsablaufe_German.zip\">Bewegungsst\u00f6rungen<\/a><br>6.\u00a0<a href=\"https:\/\/iedaproject.eu\/wp-content\/uploads\/2023\/08\/Geistige-Behinderungen_German.zip\" data-type=\"URL\" data-id=\"https:\/\/iedaproject.eu\/wp-content\/uploads\/2023\/08\/Geistige-Behinderungen_German.zip\">Geistige Behinderungen<\/a><br>7.\u00a0<a href=\"https:\/\/iedaproject.eu\/wp-content\/uploads\/2023\/08\/Psychische-Beeinstrachtigungen-und-Verhaltensauffalligkeiten_German.zip\" data-type=\"URL\" data-id=\"https:\/\/iedaproject.eu\/wp-content\/uploads\/2023\/08\/Psychische-Beeinstrachtigungen-und-Verhaltensauffalligkeiten_German.zip\">Psychische und Verhaltensst\u00f6rungen<\/a><\/p>\n","protected":false},"excerpt":{"rendered":"<p>Menschen mit Behinderungen (MmB) ben\u00f6tigen im Bildungsprozess aufgrund der Art ihrer Behinderung besondere Vorkehrungen auf organisatorischer, personeller und technisch-technologischer Ebene. Dieses Curriculum bietet Wissen &#8230;<\/p>\n","protected":false},"author":2,"featured_media":0,"parent":0,"menu_order":0,"comment_status":"closed","ping_status":"closed","template":"","meta":[],"_links":{"self":[{"href":"https:\/\/iedaproject.eu\/de\/wp-json\/wp\/v2\/pages\/5710"}],"collection":[{"href":"https:\/\/iedaproject.eu\/de\/wp-json\/wp\/v2\/pages"}],"about":[{"href":"https:\/\/iedaproject.eu\/de\/wp-json\/wp\/v2\/types\/page"}],"author":[{"embeddable":true,"href":"https:\/\/iedaproject.eu\/de\/wp-json\/wp\/v2\/users\/2"}],"replies":[{"embeddable":true,"href":"https:\/\/iedaproject.eu\/de\/wp-json\/wp\/v2\/comments?post=5710"}],"version-history":[{"count":10,"href":"https:\/\/iedaproject.eu\/de\/wp-json\/wp\/v2\/pages\/5710\/revisions"}],"predecessor-version":[{"id":7657,"href":"https:\/\/iedaproject.eu\/de\/wp-json\/wp\/v2\/pages\/5710\/revisions\/7657"}],"wp:attachment":[{"href":"https:\/\/iedaproject.eu\/de\/wp-json\/wp\/v2\/media?parent=5710"}],"curies":[{"name":"wp","href":"https:\/\/api.w.org\/{rel}","templated":true}]}}