{"id":5705,"date":"2023-06-30T12:30:59","date_gmt":"2023-06-30T10:30:59","guid":{"rendered":"https:\/\/iedaproject.eu\/curriculum-application-of-assistive-technologies-in-non-formal-adult-education\/"},"modified":"2023-09-01T14:11:32","modified_gmt":"2023-09-01T12:11:32","slug":"curriculum-application-of-assistive-technologies-in-non-formal-adult-education","status":"publish","type":"page","link":"https:\/\/iedaproject.eu\/de\/curriculum-application-of-assistive-technologies-in-non-formal-adult-education\/","title":{"rendered":"Lehrplan: Anwendung unterst\u00fctzender Technologien in der nicht-formalen Erwachsenenbildung"},"content":{"rendered":"\n<p>Um gleichberechtigt am Bildungsprozess teilnehmen zu k\u00f6nnen, ben\u00f6tigen Menschen mit Behinderungen verschiedene Formen der Anpassung. Eine dieser Formen ist die assistive (unterst\u00fctzende) Technologie (AT), die alle technologischen L\u00f6sungen umfasst, die das Funktionieren einer Person mit einer Behinderung erm\u00f6glichen, unterst\u00fctzen oder verbessern sollen. In der formalen Bildung werden Hilfsmittel durch organisierte Mechanismen innerhalb des Bildungssystems umgesetzt, w\u00e4hrend es im Bereich der non-formalen Bildung keine strukturierte Unterst\u00fctzung f\u00fcr die Umsetzung von Hilfsmitteln gibt. Um Menschen mit Behinderungen angemessen in ihre non-formalen Programme einbeziehen zu k\u00f6nnen, m\u00fcssen diesbez\u00fcgliche Bildungsanbietende \u00fcber grundlegende Kenntnisse im Bereich der AT verf\u00fcgen. Dieses Curriculum gibt einen systematischen \u00dcberblick \u00fcber assistive Technologien in Bezug auf verschiedene Arten von Behinderung. Es bietet auch Einblicke in die Beschaffungs- und Ausbildungsm\u00f6glichkeiten f\u00fcr Hilfsmittel. Ein integraler Bestandteil des Curriculums ist das universelle Design, eine Idee, die die Entwicklung von Technologien f\u00f6rdert, die f\u00fcr alle zug\u00e4nglich sind, unabh\u00e4ngig von der (Nicht-)Existenz einer Behinderung. Dieses Curriculum richtet sich in erster Linie an Fachleute im Bereich der non-formalen Erwachsenenbildung, die Menschen mit Behinderungen unterrichten m\u00f6chten, sowie an Organisationen, die non-formale Erwachsenenbildung anbieten und inklusive Bildungsprogramme entwickeln und umsetzen m\u00f6chten. Das Curriculum verbessert die Kompetenzen von Expert*innen, um assistive Technologien zu verstehen, zu bewerten und zu implementieren, st\u00e4rkt aber auch indirekt die Kapazit\u00e4ten von Organisationen durch die Vermittlung von Wissen \u00fcber die Mobilisierung ihrer eigenen und die Beschaffung externer Ressourcen zur Sicherung und Implementierung von AT.<\/p>\n\n\n\n<p>Laden Sie das Lehrplanmaterial herunter:<br><br>0. <a href=\"https:\/\/iedaproject.eu\/wp-content\/uploads\/2023\/09\/ieda-io2-curriculum-DE-final.pdf\" data-type=\"URL\" data-id=\"https:\/\/iedaproject.eu\/wp-content\/uploads\/2023\/09\/ieda-io2-curriculum-DE-final.pdf\">Curriculum<\/a><br>&#8211; <strong>Modul 1<\/strong>: <a href=\"https:\/\/iedaproject.eu\/wp-content\/uploads\/2023\/09\/M1_DE.zip\" data-type=\"URL\" data-id=\"https:\/\/iedaproject.eu\/wp-content\/uploads\/2023\/09\/M1_DE.zip\">Einf\u00fchrung in die assistive Technologie<\/a><br>&#8211; <strong>Modul 2<\/strong>: <a href=\"https:\/\/iedaproject.eu\/wp-content\/uploads\/2023\/09\/M2_DE.zip\" data-type=\"URL\" data-id=\"https:\/\/iedaproject.eu\/wp-content\/uploads\/2023\/09\/M2_DE.zip\">Assistive Technologie im Bildungskontext<\/a><br>&#8211; <strong>Modul 3<\/strong>: <a href=\"https:\/\/iedaproject.eu\/wp-content\/uploads\/2023\/09\/M3_DE.zip\" data-type=\"URL\" data-id=\"https:\/\/iedaproject.eu\/wp-content\/uploads\/2023\/09\/M3_DE.zip\">Auswahl des richtigen Hilfsmittels<\/a><br>&#8211; <strong>Modul 4<\/strong>: <a href=\"https:\/\/iedaproject.eu\/wp-content\/uploads\/2023\/09\/M4_DE.zip\" data-type=\"URL\" data-id=\"https:\/\/iedaproject.eu\/wp-content\/uploads\/2023\/09\/M4_DE.zip\">Suche nach und Mobilisierung von Ressource<\/a>n<br>&#8211; <strong>Modul 5<\/strong>: <a href=\"https:\/\/iedaproject.eu\/wp-content\/uploads\/2023\/09\/M5_DE.zip\" data-type=\"URL\" data-id=\"https:\/\/iedaproject.eu\/wp-content\/uploads\/2023\/09\/M5_DE.zip\">Universelles Design &#8211; die Grunds\u00e4tze und die Umsetzung<\/a><br>&#8211;<strong> Modul 6<\/strong>: <a href=\"https:\/\/iedaproject.eu\/wp-content\/uploads\/2023\/09\/M6_DE.zip\" data-type=\"URL\" data-id=\"https:\/\/iedaproject.eu\/wp-content\/uploads\/2023\/09\/M6_DE.zip\">Einsatz neuer Technologien zur Unterst\u00fctzung der Bed\u00fcrfnisse von Menschen mit Behinderungen<\/a><\/p>\n","protected":false},"excerpt":{"rendered":"<p>Um gleichberechtigt am Bildungsprozess teilnehmen zu k\u00f6nnen, ben\u00f6tigen Menschen mit Behinderungen verschiedene Formen der Anpassung. Eine dieser Formen ist die assistive (unterst\u00fctzende) Technologie (AT), &#8230;<\/p>\n","protected":false},"author":2,"featured_media":0,"parent":0,"menu_order":0,"comment_status":"closed","ping_status":"closed","template":"","meta":[],"_links":{"self":[{"href":"https:\/\/iedaproject.eu\/de\/wp-json\/wp\/v2\/pages\/5705"}],"collection":[{"href":"https:\/\/iedaproject.eu\/de\/wp-json\/wp\/v2\/pages"}],"about":[{"href":"https:\/\/iedaproject.eu\/de\/wp-json\/wp\/v2\/types\/page"}],"author":[{"embeddable":true,"href":"https:\/\/iedaproject.eu\/de\/wp-json\/wp\/v2\/users\/2"}],"replies":[{"embeddable":true,"href":"https:\/\/iedaproject.eu\/de\/wp-json\/wp\/v2\/comments?post=5705"}],"version-history":[{"count":13,"href":"https:\/\/iedaproject.eu\/de\/wp-json\/wp\/v2\/pages\/5705\/revisions"}],"predecessor-version":[{"id":8231,"href":"https:\/\/iedaproject.eu\/de\/wp-json\/wp\/v2\/pages\/5705\/revisions\/8231"}],"wp:attachment":[{"href":"https:\/\/iedaproject.eu\/de\/wp-json\/wp\/v2\/media?parent=5705"}],"curies":[{"name":"wp","href":"https:\/\/api.w.org\/{rel}","templated":true}]}}