{"id":5714,"date":"2023-06-30T12:31:18","date_gmt":"2023-06-30T10:31:18","guid":{"rendered":"https:\/\/iedaproject.eu\/handbook\/"},"modified":"2023-08-29T16:30:52","modified_gmt":"2023-08-29T14:30:52","slug":"handbook","status":"publish","type":"page","link":"https:\/\/iedaproject.eu\/cs\/handbook\/","title":{"rendered":"P\u0159\u00edru\u010dka"},"content":{"rendered":"\n<p>P\u0159\u00edru\u010dka nab\u00edz\u00ed ucelen\u00fd souhrn v\u0161ech d\u016fle\u017eit\u00fdch poznatk\u016f, kter\u00e9 mohou usnadnit za\u010dlen\u011bn\u00ed osob se zdravotn\u00edm posti\u017een\u00edm do va\u0161ich semin\u00e1\u0159\u016f, kurz\u016f a \u0161kolen\u00ed. P\u0159\u00edru\u010dka vych\u00e1z\u00ed z odborn\u00fdch znalost\u00ed t\u0159\u00ed kl\u00ed\u010dov\u00fdch skupin pro za\u010dle\u0148ov\u00e1n\u00ed osob se zdravotn\u00edm posti\u017een\u00edm do neform\u00e1ln\u00edho vzd\u011bl\u00e1v\u00e1n\u00ed dosp\u011bl\u00fdch, a to: odborn\u00edk\u016f na asistivn\u00ed technologie, odborn\u00edk\u016f na inkluzi a poskytovatel\u016f neform\u00e1ln\u00edho vzd\u011bl\u00e1v\u00e1n\u00ed dosp\u011bl\u00fdch. P\u0159\u00edru\u010dka nav\u00edc vych\u00e1z\u00ed z aktu\u00e1ln\u00edch pot\u0159eb poskytovatel\u016f vzd\u011bl\u00e1v\u00e1n\u00ed dosp\u011bl\u00fdch. Jsme si jisti, \u017ee p\u0159\u00edru\u010dka bude u\u017eite\u010dn\u00fdm n\u00e1strojem pro ka\u017ed\u00e9ho, kdo chce u\u010dit nebo pracovat s lidmi se zdravotn\u00edm posti\u017een\u00edm.<\/p>\n\n\n\n<p><a href=\"https:\/\/iedaproject.eu\/wp-content\/uploads\/2023\/08\/URIHO-Handbook-CZ-032-1.pdf\" data-type=\"URL\" data-id=\"https:\/\/iedaproject.eu\/wp-content\/uploads\/2023\/08\/URIHO-Handbook-CZ-032-1.pdf\"><strong>P\u0159\u00edru\u010dka<\/strong><\/a><\/p>\n","protected":false},"excerpt":{"rendered":"<p>P\u0159\u00edru\u010dka nab\u00edz\u00ed ucelen\u00fd souhrn v\u0161ech d\u016fle\u017eit\u00fdch poznatk\u016f, kter\u00e9 mohou usnadnit za\u010dlen\u011bn\u00ed osob se zdravotn\u00edm posti\u017een\u00edm do va\u0161ich semin\u00e1\u0159\u016f, kurz\u016f a \u0161kolen\u00ed. P\u0159\u00edru\u010dka vych\u00e1z\u00ed z &#8230;<\/p>\n","protected":false},"author":2,"featured_media":0,"parent":0,"menu_order":0,"comment_status":"closed","ping_status":"closed","template":"","meta":[],"_links":{"self":[{"href":"https:\/\/iedaproject.eu\/cs\/wp-json\/wp\/v2\/pages\/5714"}],"collection":[{"href":"https:\/\/iedaproject.eu\/cs\/wp-json\/wp\/v2\/pages"}],"about":[{"href":"https:\/\/iedaproject.eu\/cs\/wp-json\/wp\/v2\/types\/page"}],"author":[{"embeddable":true,"href":"https:\/\/iedaproject.eu\/cs\/wp-json\/wp\/v2\/users\/2"}],"replies":[{"embeddable":true,"href":"https:\/\/iedaproject.eu\/cs\/wp-json\/wp\/v2\/comments?post=5714"}],"version-history":[{"count":5,"href":"https:\/\/iedaproject.eu\/cs\/wp-json\/wp\/v2\/pages\/5714\/revisions"}],"predecessor-version":[{"id":7723,"href":"https:\/\/iedaproject.eu\/cs\/wp-json\/wp\/v2\/pages\/5714\/revisions\/7723"}],"wp:attachment":[{"href":"https:\/\/iedaproject.eu\/cs\/wp-json\/wp\/v2\/media?parent=5714"}],"curies":[{"name":"wp","href":"https:\/\/api.w.org\/{rel}","templated":true}]}}