{"id":5709,"date":"2023-06-30T12:26:00","date_gmt":"2023-06-30T10:26:00","guid":{"rendered":"https:\/\/iedaproject.eu\/curriculum-teaching-methods-and-techniques-for-persons\/"},"modified":"2023-08-29T11:52:57","modified_gmt":"2023-08-29T09:52:57","slug":"curriculum-teaching-methods-and-techniques-for-persons","status":"publish","type":"page","link":"https:\/\/iedaproject.eu\/cs\/curriculum-teaching-methods-and-techniques-for-persons\/","title":{"rendered":"U\u010debn\u00ed pl\u00e1n: V\u00fdukov\u00e9 metody a techniky pro osoby se zdravotn\u00edm posti\u017een\u00edm v neform\u00e1ln\u00edm vzd\u011bl\u00e1v\u00e1n\u00ed dosp\u011bl\u00fdch"},"content":{"rendered":"\n<p>Osoby se zdravotn\u00edm posti\u017een\u00edm pot\u0159ebuj\u00ed vzhledem k povaze sv\u00e9ho posti\u017een\u00ed zvl\u00e1\u0161tn\u00ed opat\u0159en\u00ed ve vzd\u011bl\u00e1vac\u00edm procesu na organiza\u010dn\u00ed, person\u00e1ln\u00ed a technicko-technologick\u00e9 \u00farovni. Tento studijn\u00ed program nab\u00edz\u00ed systematicky uspo\u0159\u00e1dan\u00e9 znalosti a informace relevantn\u00ed pro v\u0161echny t\u0159i uveden\u00e9 \u00farovn\u011b. Studijn\u00ed program byl vypracov\u00e1n odborn\u00edky na za\u010dle\u0148ov\u00e1n\u00ed osob se zdravotn\u00edm posti\u017een\u00edm ze spole\u010dnosti URIHO na z\u00e1klad\u011b zku\u0161enost\u00ed s v\u00fdvojem a realizac\u00ed neform\u00e1ln\u00edho vzd\u011bl\u00e1v\u00e1n\u00ed a za neust\u00e1l\u00e9 zp\u011btn\u00e9 vazby a spolupr\u00e1ce se v\u0161emi partnersk\u00fdmi organizacemi. Studijn\u00ed program je ur\u010den p\u0159edev\u0161\u00edm odborn\u00edk\u016fm v oblasti neform\u00e1ln\u00edho vzd\u011bl\u00e1v\u00e1n\u00ed dosp\u011bl\u00fdch, kte\u0159\u00ed cht\u011bj\u00ed vyu\u010dovat osoby se zdravotn\u00edm posti\u017een\u00edm, a tak\u00e9 organizac\u00edm neform\u00e1ln\u00edho vzd\u011bl\u00e1v\u00e1n\u00ed dosp\u011bl\u00fdch, kter\u00e9 cht\u011bj\u00ed rozv\u00edjet a realizovat programy inkluzivn\u00edho vzd\u011bl\u00e1v\u00e1n\u00ed. Obsah studijn\u00edho programu v\u0161ak mohou vyu\u017e\u00edt v\u0161ichni, kdo se ve sv\u00e9 profesn\u00ed pr\u00e1ci zab\u00fdvaj\u00ed pot\u0159ebami lid\u00ed se zdravotn\u00edm posti\u017een\u00edm (odborn\u00edci na inkluzi, odborn\u00edci na lidsk\u00e9 zdroje, dobrovoln\u00edci, zdravotnick\u00fd person\u00e1l, odborn\u00edci na soci\u00e1ln\u00ed p\u00e9\u010di, \u0161kolitel\u00e9, administrativn\u00ed pracovn\u00edci atd.) Studijn\u00ed program je zam\u011b\u0159en na praktick\u00e9 zp\u016fsoby, jak mohou poskytovatel\u00e9 neform\u00e1ln\u00edho vzd\u011bl\u00e1v\u00e1n\u00ed dosp\u011bl\u00fdch zv\u00fd\u0161it p\u0159\u00edstupnost sv\u00fdch vzd\u011bl\u00e1vac\u00edch program\u016f. Jako systematick\u00fd p\u0159ehled r\u016fzn\u00fdch typ\u016f posti\u017een\u00ed a z nich vypl\u00fdvaj\u00edc\u00edch pot\u0159eb v kontextu vzd\u011bl\u00e1v\u00e1n\u00ed m\u00e1 studijn\u00ed program tak\u00e9 d\u016fle\u017eitou osv\u011btovou funkci.<\/p>\n\n\n\n<p>St\u00e1hn\u011bte si u\u010debn\u00ed materi\u00e1l:<\/p>\n\n\n\n<p>0.\u00a0<a href=\"https:\/\/iedaproject.eu\/wp-content\/uploads\/2023\/08\/Curicullum_CZ.pdf\">Osnovy<\/a><br>1.\u00a0<a href=\"https:\/\/iedaproject.eu\/wp-content\/uploads\/2023\/08\/Ethical-approach_CZ.zip\">Etick\u00fd p\u0159\u00edstup, stereotypy, p\u0159edsudky<\/a><br>2.\u00a0<a href=\"https:\/\/iedaproject.eu\/wp-content\/uploads\/2023\/08\/Inclusion_CZ.zip\" data-type=\"URL\" data-id=\"https:\/\/iedaproject.eu\/wp-content\/uploads\/2023\/08\/Inclusion_CZ.zip\">Za\u0159azen\u00ed<\/a><br>3.\u00a0<a href=\"https:\/\/iedaproject.eu\/wp-content\/uploads\/2023\/08\/Visual-impairment_CZ.zip\" data-type=\"URL\" data-id=\"https:\/\/iedaproject.eu\/wp-content\/uploads\/2023\/08\/Visual-impairment_CZ.zip\">Zrakov\u00e9 posti\u017een\u00ed<\/a><br>4.\u00a0<a href=\"https:\/\/iedaproject.eu\/wp-content\/uploads\/2023\/08\/Hearing-impairment_CZ.zip\" data-type=\"URL\" data-id=\"https:\/\/iedaproject.eu\/wp-content\/uploads\/2023\/08\/Hearing-impairment_CZ.zip\">Sluchov\u00e9 posti\u017een\u00ed<\/a><br>5.\u00a0<a href=\"https:\/\/iedaproject.eu\/wp-content\/uploads\/2023\/08\/Movement-disorders_CZ.zip\" data-type=\"URL\" data-id=\"https:\/\/iedaproject.eu\/wp-content\/uploads\/2023\/08\/Movement-disorders_CZ.zip\">Poruchy pohybu<\/a><br>6.\u00a0<a href=\"https:\/\/iedaproject.eu\/wp-content\/uploads\/2023\/08\/Intellectual-disabilties_CZ.zip\" data-type=\"URL\" data-id=\"https:\/\/iedaproject.eu\/wp-content\/uploads\/2023\/08\/Intellectual-disabilties_CZ.zip\">Intelektu\u00e1ln\u00ed posti\u017een\u00ed<\/a><br>7.\u00a0<a href=\"https:\/\/iedaproject.eu\/wp-content\/uploads\/2023\/08\/mENTAL-AND-bEHAVIORAL-DISORDERS_cz.zip\" data-type=\"URL\" data-id=\"https:\/\/iedaproject.eu\/wp-content\/uploads\/2023\/08\/mENTAL-AND-bEHAVIORAL-DISORDERS_cz.zip\">Du\u0161evn\u00ed poruchy a poruchy chov\u00e1n\u00ed<\/a><\/p>\n","protected":false},"excerpt":{"rendered":"<p>Osoby se zdravotn\u00edm posti\u017een\u00edm pot\u0159ebuj\u00ed vzhledem k povaze sv\u00e9ho posti\u017een\u00ed zvl\u00e1\u0161tn\u00ed opat\u0159en\u00ed ve vzd\u011bl\u00e1vac\u00edm procesu na organiza\u010dn\u00ed, person\u00e1ln\u00ed a technicko-technologick\u00e9 \u00farovni. Tento studijn\u00ed program &#8230;<\/p>\n","protected":false},"author":2,"featured_media":0,"parent":0,"menu_order":0,"comment_status":"closed","ping_status":"closed","template":"","meta":[],"_links":{"self":[{"href":"https:\/\/iedaproject.eu\/cs\/wp-json\/wp\/v2\/pages\/5709"}],"collection":[{"href":"https:\/\/iedaproject.eu\/cs\/wp-json\/wp\/v2\/pages"}],"about":[{"href":"https:\/\/iedaproject.eu\/cs\/wp-json\/wp\/v2\/types\/page"}],"author":[{"embeddable":true,"href":"https:\/\/iedaproject.eu\/cs\/wp-json\/wp\/v2\/users\/2"}],"replies":[{"embeddable":true,"href":"https:\/\/iedaproject.eu\/cs\/wp-json\/wp\/v2\/comments?post=5709"}],"version-history":[{"count":7,"href":"https:\/\/iedaproject.eu\/cs\/wp-json\/wp\/v2\/pages\/5709\/revisions"}],"predecessor-version":[{"id":7613,"href":"https:\/\/iedaproject.eu\/cs\/wp-json\/wp\/v2\/pages\/5709\/revisions\/7613"}],"wp:attachment":[{"href":"https:\/\/iedaproject.eu\/cs\/wp-json\/wp\/v2\/media?parent=5709"}],"curies":[{"name":"wp","href":"https:\/\/api.w.org\/{rel}","templated":true}]}}