{"id":5704,"date":"2023-06-30T12:30:59","date_gmt":"2023-06-30T10:30:59","guid":{"rendered":"https:\/\/iedaproject.eu\/curriculum-application-of-assistive-technologies-in-non-formal-adult-education\/"},"modified":"2023-09-01T13:05:31","modified_gmt":"2023-09-01T11:05:31","slug":"curriculum-application-of-assistive-technologies-in-non-formal-adult-education","status":"publish","type":"page","link":"https:\/\/iedaproject.eu\/cs\/curriculum-application-of-assistive-technologies-in-non-formal-adult-education\/","title":{"rendered":"Osnovy: Aplikace asistivn\u00edch technologi\u00ed v neform\u00e1ln\u00edm vzd\u011bl\u00e1v\u00e1n\u00ed dosp\u011bl\u00fdch"},"content":{"rendered":"\n<p>Aby se lid\u00e9 se zdravotn\u00edm posti\u017een\u00edm mohli pln\u011b a rovnopr\u00e1vn\u011b zapojit do vzd\u011bl\u00e1vac\u00edho procesu, pot\u0159ebuj\u00ed r\u016fzn\u00e9 formy adaptace. Jednou z t\u011bchto forem jsou asistivn\u00ed technologie, kter\u00e9 zahrnuj\u00ed v\u0161echna technologick\u00e1 \u0159e\u0161en\u00ed pom\u00e1haj\u00edc\u00ed za\u010dle\u0148ov\u00e1n\u00ed osob se zdravotn\u00edm posti\u017een\u00edm. Ve form\u00e1ln\u00edm vzd\u011bl\u00e1v\u00e1n\u00ed jsou v r\u00e1mci vzd\u011bl\u00e1vac\u00edho syst\u00e9mu asistivn\u00ed technologie zav\u00e1d\u011bny prost\u0159ednictv\u00edm definovan\u00fdch postup\u016f, v oblasti neform\u00e1ln\u00edho vzd\u011bl\u00e1v\u00e1n\u00ed ale systematick\u00e1 podpora jejich zav\u00e1d\u011bn\u00ed neexistuje. Aby mohli poskytovatel\u00e9 tohoto typu vzd\u011bl\u00e1v\u00e1n\u00ed adekv\u00e1tn\u011b za\u010dlenit osoby se zdravotn\u00edm posti\u017een\u00edm do sv\u00fdch neform\u00e1ln\u00edch program\u016f, mus\u00ed m\u00edt z\u00e1kladn\u00ed znalosti o asistivn\u00edch technologi\u00edch. Tento studijn\u00ed program poskytuje systematick\u00fd p\u0159ehled asistivn\u00edch technologi\u00ed s ohledem na typ posti\u017een\u00ed. Poskytuje tak\u00e9 p\u0159ehled o mo\u017enostech po\u0159izov\u00e1n\u00ed a vzd\u011bl\u00e1v\u00e1n\u00ed v oblasti asistivn\u00edch technologi\u00ed. Ned\u00edlnou sou\u010d\u00e1st\u00ed osnov tohoto studijn\u00edho programu je univerz\u00e1ln\u00ed design &#8211; my\u0161lenka, kter\u00e1 podporuje vytv\u00e1\u0159en\u00ed technologi\u00ed p\u0159\u00edstupn\u00fdch v\u0161em bez ohledu na (ne)existenci posti\u017een\u00ed. Tento studijn\u00ed program je ur\u010den p\u0159edev\u0161\u00edm odborn\u00edk\u016fm v oblasti neform\u00e1ln\u00edho vzd\u011bl\u00e1v\u00e1n\u00ed dosp\u011bl\u00fdch, kte\u0159\u00ed cht\u011bj\u00ed u\u010dit osoby se zdravotn\u00edm posti\u017een\u00edm, a organizac\u00edm poskytuj\u00edc\u00edm neform\u00e1ln\u00ed vzd\u011bl\u00e1v\u00e1n\u00ed dosp\u011bl\u00fdch, kter\u00e9 cht\u011bj\u00ed vytv\u00e1\u0159et a realizovat inkluzivn\u00ed vzd\u011bl\u00e1vac\u00ed programy. Program nejen zvy\u0161uje kompetence odborn\u00edk\u016f v oblasti sezn\u00e1men\u00ed se s asistivn\u00edmi technologiemi a mo\u017enostmi jejich implementace, ale tak\u00e9 nep\u0159\u00edmo posiluje kapacity organizac\u00ed prost\u0159ednictv\u00edm p\u0159ed\u00e1v\u00e1n\u00ed znalost\u00ed o vyu\u017eit\u00ed vlastn\u00edch a z\u00edsk\u00e1v\u00e1n\u00ed extern\u00edch zdroj\u016f pro zaji\u0161t\u011bn\u00ed a implementaci asistivn\u00edch technologi\u00ed.<\/p>\n\n\n\n<p>St\u00e1hn\u011bte si u\u010debn\u00ed materi\u00e1l:<br><br>0. <a href=\"https:\/\/iedaproject.eu\/wp-content\/uploads\/2023\/09\/ieda-io2-curriculum-CS-final.pdf\" data-type=\"URL\" data-id=\"https:\/\/iedaproject.eu\/wp-content\/uploads\/2023\/09\/ieda-io2-curriculum-CS-final.pdf\">Curriculum<\/a><br>&#8211; <strong>Modul 1<\/strong>: <a href=\"https:\/\/iedaproject.eu\/wp-content\/uploads\/2023\/09\/M1_CZ.zip\" data-type=\"URL\" data-id=\"https:\/\/iedaproject.eu\/wp-content\/uploads\/2023\/09\/M1_CZ.zip\">\u00davod do asisten\u010dn\u00edch technologi\u00ed<\/a><br>&#8211; <strong>Modul 2<\/strong>: <a href=\"https:\/\/iedaproject.eu\/wp-content\/uploads\/2023\/09\/M2_CZ.zip\" data-type=\"URL\" data-id=\"https:\/\/iedaproject.eu\/wp-content\/uploads\/2023\/09\/M2_CZ.zip\">Asistivn\u00ed technologie v kontextu vzd\u011bl\u00e1v\u00e1n\u00ed<\/a><br>&#8211; <strong>Modul 3<\/strong>: <a href=\"https:\/\/iedaproject.eu\/wp-content\/uploads\/2023\/09\/M3_CZ.zip\" data-type=\"URL\" data-id=\"https:\/\/iedaproject.eu\/wp-content\/uploads\/2023\/09\/M3_CZ.zip\">V\u00fdb\u011br vhodn\u00e9ho n\u00e1stroje<\/a><br>&#8211;<strong> Modul 4<\/strong>: <a href=\"https:\/\/iedaproject.eu\/wp-content\/uploads\/2023\/09\/M4_CZ.zip\" data-type=\"URL\" data-id=\"https:\/\/iedaproject.eu\/wp-content\/uploads\/2023\/09\/M4_CZ.zip\">Vyhled\u00e1v\u00e1n\u00ed a mobilizace zdroj\u016f<\/a><br>&#8211; <strong>Modul 5<\/strong>: <a href=\"https:\/\/iedaproject.eu\/wp-content\/uploads\/2023\/09\/M5_CZ.zip\" data-type=\"URL\" data-id=\"https:\/\/iedaproject.eu\/wp-content\/uploads\/2023\/09\/M5_CZ.zip\">Univerz\u00e1ln\u00ed design &#8211; principy a implementace<\/a><br>&#8211; <strong>Modul 6<\/strong>: <a href=\"https:\/\/iedaproject.eu\/wp-content\/uploads\/2023\/09\/M6_CZ.zip\" data-type=\"URL\" data-id=\"https:\/\/iedaproject.eu\/wp-content\/uploads\/2023\/09\/M6_CZ.zip\">Vyu\u017eit\u00ed nov\u00fdch technologi\u00ed pro podporu pot\u0159eb osob se zdravotn\u00edm posti\u017een\u00edm<\/a><\/p>\n","protected":false},"excerpt":{"rendered":"<p>Aby se lid\u00e9 se zdravotn\u00edm posti\u017een\u00edm mohli pln\u011b a rovnopr\u00e1vn\u011b zapojit do vzd\u011bl\u00e1vac\u00edho procesu, pot\u0159ebuj\u00ed r\u016fzn\u00e9 formy adaptace. Jednou z t\u011bchto forem jsou asistivn\u00ed &#8230;<\/p>\n","protected":false},"author":2,"featured_media":0,"parent":0,"menu_order":0,"comment_status":"closed","ping_status":"closed","template":"","meta":[],"_links":{"self":[{"href":"https:\/\/iedaproject.eu\/cs\/wp-json\/wp\/v2\/pages\/5704"}],"collection":[{"href":"https:\/\/iedaproject.eu\/cs\/wp-json\/wp\/v2\/pages"}],"about":[{"href":"https:\/\/iedaproject.eu\/cs\/wp-json\/wp\/v2\/types\/page"}],"author":[{"embeddable":true,"href":"https:\/\/iedaproject.eu\/cs\/wp-json\/wp\/v2\/users\/2"}],"replies":[{"embeddable":true,"href":"https:\/\/iedaproject.eu\/cs\/wp-json\/wp\/v2\/comments?post=5704"}],"version-history":[{"count":14,"href":"https:\/\/iedaproject.eu\/cs\/wp-json\/wp\/v2\/pages\/5704\/revisions"}],"predecessor-version":[{"id":8115,"href":"https:\/\/iedaproject.eu\/cs\/wp-json\/wp\/v2\/pages\/5704\/revisions\/8115"}],"wp:attachment":[{"href":"https:\/\/iedaproject.eu\/cs\/wp-json\/wp\/v2\/media?parent=5704"}],"curies":[{"name":"wp","href":"https:\/\/api.w.org\/{rel}","templated":true}]}}